{"id":886,"date":"2012-11-30T00:19:58","date_gmt":"2012-11-29T22:19:58","guid":{"rendered":"http:\/\/semsector.com\/?page_id=886"},"modified":"2024-09-21T00:48:13","modified_gmt":"2024-09-20T21:48:13","slug":"sosyal-medya-pazarlamasi","status":"publish","type":"page","link":"https:\/\/semsector.com\/en\/services\/social-media-marketing\/","title":{"rendered":"Social Media Marketing"},"content":{"rendered":"<div class=\"wpb-content-wrapper\"><div class=\"vc_row wpb_row vc_row-fluid mkdf-section mkdf-content-aligment-left\" style=\"\"><div class=\"clearfix mkdf-full-section-inner\"><div class=\"wpb_column vc_column_container vc_col-sm-12\"><div class=\"vc_column-inner\"><div class=\"wpb_wrapper\">\n\t<div  class=\"wpb_single_image wpb_content_element vc_align_center wpb_content_element\">\n\t\t\n\t\t<figure class=\"wpb_wrapper vc_figure\">\n\t\t\t<div class=\"vc_single_image-wrapper   vc_box_border_grey\"><img decoding=\"async\" width=\"1024\" height=\"550\" data-src=\"https:\/\/semsector.com\/wp-content\/uploads\/2012\/11\/sosyal-medya-yonetimi-1024x550.jpg\" class=\"vc_single_image-img attachment-large lazyload\" alt=\"sosyal medya y\u00f6netimi\" title=\"sosyal-medya-yonetimi\" data-srcset=\"https:\/\/semsector.com\/wp-content\/uploads\/2012\/11\/sosyal-medya-yonetimi.jpg 1024w, https:\/\/semsector.com\/wp-content\/uploads\/2012\/11\/sosyal-medya-yonetimi-150x81.jpg 150w, https:\/\/semsector.com\/wp-content\/uploads\/2012\/11\/sosyal-medya-yonetimi-300x161.jpg 300w, https:\/\/semsector.com\/wp-content\/uploads\/2012\/11\/sosyal-medya-yonetimi-768x413.jpg 768w\" data-sizes=\"(max-width: 1024px) 100vw, 1024px\" src=\"data:image\/svg+xml;base64,PHN2ZyB3aWR0aD0iMSIgaGVpZ2h0PSIxIiB4bWxucz0iaHR0cDovL3d3dy53My5vcmcvMjAwMC9zdmciPjwvc3ZnPg==\" style=\"--smush-placeholder-width: 1024px; --smush-placeholder-aspect-ratio: 1024\/550;\" \/><\/div>\n\t\t<\/figure>\n\t<\/div>\n\n\t<div class=\"wpb_text_column wpb_content_element\" >\n\t\t<div class=\"wpb_wrapper\">\n\t\t\t<h1 style=\"text-align: center;\">Social Media Marketing Service<\/h1>\n<p>The experimentation era in social media marketing is long over. Social media has proven to be a viable and potentially lucrative marketing channel for B2B and B2C companies of all sizes, across the globe. As more and more companies jump on the social media bandwagon, it is more important now than ever that you provide value, not add to the clutter already on the social web. As <strong>Semsector<\/strong>, our social media management services save businesses more time and generate more results.<\/p>\n<p>Social media audit analyzes in depth your site\u2019s presence across the various social networks and offers a strategy for ways to improve it. We can assess your needs, outline opportunities, and prescribe specific actions for long-term social media success.\u00a0We\u2019ll outline which communities are worth monitoring, what the competition is doing and how you can naturally enter these communities and form relationships. This strategy document will also show you how to identify the important conversations in your industry and when, how and whom to reach out to.<\/p>\n<h2 style=\"text-align: left;\">Facebook Marketing Service<\/h2>\n<p>With more than a billion active users, <strong>Facebook<\/strong> makes it easier than ever before to connect with your targeted audience and generate more sales for your small business. With Facebook Adverts, you can create targeted adverts to reach different audiences and meet your business goals.<\/p>\n<p><strong>Facebook advertising<\/strong> can position your brand directly in front of a very specific cross-section of users on mobile devices or desktops, serving ads to people based on their age, sex, location, income, interests, workplace, education, and more. Advertising on Facebook is easy for you and your customers. From a Facebook Advert, people can get directions to your shop, download your app, view your videos, add an item to a shopping basket, or take another action on your website.<\/p>\n<p>We use <strong>Facebook Ads<\/strong> to deliver streams of targeted traffic &amp; hot exclusive leads to your business so that you can sell more, explode your profits &amp; grow your business faster. As <strong>Semsector<\/strong>, our goal is to grow with you, hopefully becoming your trusted marketing partner for the long term.<\/p>\n<h2><strong>What do we offer<\/strong><strong>:<\/strong><\/h2>\n<p>Our social strategy is founded in measurable goals, ongoing monitoring\/reporting and tying your social media marketing accomplishments directly to business goals, in order to ensure the greatest return on your investment.<\/p>\n<h3>Brand Management<\/h3>\n<p>Finding &amp; securing the appropriate usernames &amp; profiles across the channels. Your brand is obviously very important and so our social team will always be on hand to help to turn potential customer problems into praise.<\/p>\n<h3>Social Media Monitoring<\/h3>\n<p>We\u2019ll comb the social networks, making sure that you know who\u2019s talking about you, what they\u2019re saying and what they think, and whether it\u2019s positive. This ensures that you are always ahead of the conversation, ready to contribute whenever you need to.<\/p>\n<h3>Social PR<\/h3>\n<p>Our close relationships &amp; contacts with some of the most authoritative publishers, bloggers, journalists &amp; influencers mean that we can help bridge that gap between offline and online content that really means your content gets the coverage it deserves.<\/p>\n<h3>Reporting &amp; Analysis<\/h3>\n<p>We love data and our social media reporting will help identify and inform future activity not only in your social circles but across all your marketing channels<\/p>\n\n\t\t<\/div>\n\t<\/div>\n<\/div><\/div><\/div><\/div><\/div><div class=\"vc_row wpb_row vc_row-fluid mkdf-section mkdf-content-aligment-left\" style=\"\"><div class=\"clearfix mkdf-full-section-inner\"><div class=\"wpb_column vc_column_container vc_col-sm-12\"><div class=\"vc_column-inner\"><div class=\"wpb_wrapper\"><div class=\"vc_empty_space\"   style=\"height: 32px\"><span class=\"vc_empty_space_inner\"><\/span><\/div><div class=\"woocommerce columns-4\"><\/div><div class=\"vc_empty_space\"   style=\"height: 32px\"><span class=\"vc_empty_space_inner\"><\/span><\/div>\n\n\t<div class=\"mkdf-call-to-action normal\" style=\"padding: 22px 38px 22px 38px;;background-color: #43cb83;\">\n\n\t\t\t\t\t<div class=\"mkdf-call-to-action-row-75-25 clearfix\">\n\t\t\n\t\t\t\t<div class=\"mkdf-text-wrapper mkdf-call-to-action-column1 mkdf-call-to-action-cell\">\n\n\t\t\t\t\n\t\t\t\t\t<div class=\"mkdf-call-to-action-text\" >\n\t\t\t\t\t\t\n<h3><span style=\"color: #ffffff;\"><strong>Questions about our products or services?<br \/>\n<\/strong><\/span><\/h3>\n<p><span style=\"color: #ffffff;\">We\u2019d Love to Hear from You!<\/span><br \/>\n\t\t\t\t\t<\/div>\n\n\t\t\t\t<\/div>\n\n\t\t\t\t\n\t\t\t\t\t<div class=\"mkdf-button-wrapper mkdf-call-to-action-column2 mkdf-call-to-action-cell\" style =\"text-align: right ;\">\n\n\t\t\t\t\t\t<a href=\"https:\/\/semsector.com\/en\/contact\/\" target=\"_self\"  class=\"mkdf-btn mkdf-btn-medium mkdf-btn-white mkdf-btn-hover-white-outline\"  >    <span class=\"mkdf-btn-text\">Contact us<\/span>\t\t\t\t<span class=\"mkdf-btn-helper\" ><\/span>\t<\/a>\n\t\t\t\t\t<\/div>\n\n\t\t\t\t\n\t\t\t<\/div>\n\n\t\t\n\t<\/div>\n\n<\/div><\/div><\/div><\/div><\/div>\n<\/div>","protected":false},"excerpt":{"rendered":"<p>Sosyal Medya Pazarlamas\u0131 ve \u0130tibar Y\u00f6netimi ile Sitenizin De\u011ferini Y\u00fckseltin Hedef Kitlenize Ula\u015f\u0131n ve Sosyal Medya Sitelerinden Elde Edilen Trafi\u011fi Art\u0131r\u0131n<\/p>","protected":false},"author":1,"featured_media":5481,"parent":654,"menu_order":0,"comment_status":"closed","ping_status":"closed","template":"","meta":{"footnotes":""},"class_list":["post-886","page","type-page","status-publish","has-post-thumbnail","hentry"],"_links":{"self":[{"href":"https:\/\/semsector.com\/en\/wp-json\/wp\/v2\/pages\/886","targetHints":{"allow":["GET"]}}],"collection":[{"href":"https:\/\/semsector.com\/en\/wp-json\/wp\/v2\/pages"}],"about":[{"href":"https:\/\/semsector.com\/en\/wp-json\/wp\/v2\/types\/page"}],"author":[{"embeddable":true,"href":"https:\/\/semsector.com\/en\/wp-json\/wp\/v2\/users\/1"}],"replies":[{"embeddable":true,"href":"https:\/\/semsector.com\/en\/wp-json\/wp\/v2\/comments?post=886"}],"version-history":[{"count":0,"href":"https:\/\/semsector.com\/en\/wp-json\/wp\/v2\/pages\/886\/revisions"}],"up":[{"embeddable":true,"href":"https:\/\/semsector.com\/en\/wp-json\/wp\/v2\/pages\/654"}],"wp:featuredmedia":[{"embeddable":true,"href":"https:\/\/semsector.com\/en\/wp-json\/wp\/v2\/media\/5481"}],"wp:attachment":[{"href":"https:\/\/semsector.com\/en\/wp-json\/wp\/v2\/media?parent=886"}],"curies":[{"name":"wp","href":"https:\/\/api.w.org\/{rel}","templated":true}]}}