{"id":654,"date":"2012-11-21T22:04:47","date_gmt":"2012-11-21T20:04:47","guid":{"rendered":"http:\/\/semsector.com\/?page_id=654"},"modified":"2024-09-21T00:38:34","modified_gmt":"2024-09-20T21:38:34","slug":"hizmetler","status":"publish","type":"page","link":"https:\/\/semsector.com\/en\/services\/","title":{"rendered":"Services"},"content":{"rendered":"<div class=\"wpb-content-wrapper\"><div class=\"vc_row wpb_row vc_row-fluid mkdf-section mkdf-content-aligment-left\" style=\"\"><div class=\"clearfix mkdf-full-section-inner\"><div class=\"wpb_column vc_column_container vc_col-sm-12\"><div class=\"vc_column-inner\"><div class=\"wpb_wrapper\">\n\t<div class=\"wpb_text_column wpb_content_element\" >\n\t\t<div class=\"wpb_wrapper\">\n\t\t\t<h1 style=\"text-align: center;\">Sem Sector Online Marketing Services<\/h1>\n<div class=\"pt-cv-wrapper\"><div class=\"pt-cv-view pt-cv-grid pt-cv-colsys\" id=\"pt-cv-view-6f19820410\"><div data-id=\"pt-cv-page-1\" class=\"pt-cv-page\" data-cvc=\"2\"><div class=\"col-md-6 col-sm-12 col-xs-12 pt-cv-content-item pt-cv-1-col\" ><div class='pt-cv-ifield'><a href=\"https:\/\/semsector.com\/en\/services\/ppc\/meta-ads\/\" class=\"_self pt-cv-href-thumbnail pt-cv-thumb-default\" target=\"_self\" ><img decoding=\"async\" width=\"1060\" height=\"554\" data-src=\"https:\/\/semsector.com\/wp-content\/uploads\/2012\/11\/facebook-reklamlari-1200x627.jpg\" class=\"pt-cv-thumbnail lazyload\" alt=\"facebook reklamlar\u0131\" data-srcset=\"https:\/\/semsector.com\/wp-content\/uploads\/2012\/11\/facebook-reklamlari.jpg 1200w, https:\/\/semsector.com\/wp-content\/uploads\/2012\/11\/facebook-reklamlari-150x78.jpg 150w, https:\/\/semsector.com\/wp-content\/uploads\/2012\/11\/facebook-reklamlari-300x157.jpg 300w, https:\/\/semsector.com\/wp-content\/uploads\/2012\/11\/facebook-reklamlari-768x401.jpg 768w\" data-sizes=\"(max-width: 1060px) 100vw, 1060px\" title=\"\" src=\"data:image\/svg+xml;base64,PHN2ZyB3aWR0aD0iMSIgaGVpZ2h0PSIxIiB4bWxucz0iaHR0cDovL3d3dy53My5vcmcvMjAwMC9zdmciPjwvc3ZnPg==\" style=\"--smush-placeholder-width: 1060px; --smush-placeholder-aspect-ratio: 1060\/554;\"><\/a>\n<h1 class=\"pt-cv-title\"><a href=\"https:\/\/semsector.com\/en\/services\/ppc\/meta-ads\/\" class=\"_self\" target=\"_self\" >Facebook Advertising<\/a><\/h1>\n<div class=\"pt-cv-content\">Facebook Marketing Service With more than a billion active users, <strong>Facebook<\/strong> makes it easier than ever before to connect with ...<br \/><div class=\"pt-cv-rmwrap\"><a href=\"https:\/\/semsector.com\/en\/services\/ppc\/meta-ads\/\" class=\"_self pt-cv-readmore btn btn-success\" target=\"_self\">Read More<\/a><\/div><\/div><\/div><\/div>\n<div class=\"col-md-6 col-sm-12 col-xs-12 pt-cv-content-item pt-cv-1-col\" ><div class='pt-cv-ifield'><a href=\"https:\/\/semsector.com\/en\/services\/ppc\/google-ad\/\" class=\"_self pt-cv-href-thumbnail pt-cv-thumb-default\" target=\"_self\" ><img decoding=\"async\" width=\"1060\" height=\"554\" data-src=\"https:\/\/semsector.com\/wp-content\/uploads\/2012\/11\/Google-Reklamlar\u0131-1200x627.jpg\" class=\"pt-cv-thumbnail lazyload\" alt=\"google adwords reklamlar\u0131\" data-srcset=\"https:\/\/semsector.com\/wp-content\/uploads\/2012\/11\/Google-Reklamlar\u0131.jpg 1200w, https:\/\/semsector.com\/wp-content\/uploads\/2012\/11\/Google-Reklamlar\u0131-150x78.jpg 150w, https:\/\/semsector.com\/wp-content\/uploads\/2012\/11\/Google-Reklamlar\u0131-300x157.jpg 300w, https:\/\/semsector.com\/wp-content\/uploads\/2012\/11\/Google-Reklamlar\u0131-768x401.jpg 768w\" data-sizes=\"(max-width: 1060px) 100vw, 1060px\" title=\"\" src=\"data:image\/svg+xml;base64,PHN2ZyB3aWR0aD0iMSIgaGVpZ2h0PSIxIiB4bWxucz0iaHR0cDovL3d3dy53My5vcmcvMjAwMC9zdmciPjwvc3ZnPg==\" style=\"--smush-placeholder-width: 1060px; --smush-placeholder-aspect-ratio: 1060\/554;\"><\/a>\n<h1 class=\"pt-cv-title\"><a href=\"https:\/\/semsector.com\/en\/services\/ppc\/google-ad\/\" class=\"_self\" target=\"_self\" >Google Adwords<\/a><\/h1>\n<div class=\"pt-cv-content\">Google Ads Advertising Service <strong>Google Ads\/AdWords<\/strong> is an online advertising service that enables advertisers to compete to display brief advertising ...<br \/><div class=\"pt-cv-rmwrap\"><a href=\"https:\/\/semsector.com\/en\/services\/ppc\/google-ad\/\" class=\"_self pt-cv-readmore btn btn-success\" target=\"_self\">Read More<\/a><\/div><\/div><\/div><\/div>\n<div class=\"col-md-6 col-sm-12 col-xs-12 pt-cv-content-item pt-cv-1-col\" ><div class='pt-cv-ifield'><a href=\"https:\/\/semsector.com\/en\/services\/ppc\/\" class=\"_self pt-cv-href-thumbnail pt-cv-thumb-default\" target=\"_self\" ><img decoding=\"async\" width=\"1060\" height=\"554\" data-src=\"https:\/\/semsector.com\/wp-content\/uploads\/2012\/11\/ppc-hizmetler-1200x627.jpg\" class=\"pt-cv-thumbnail lazyload\" alt=\"ppc reklam hizmetleri\" data-srcset=\"https:\/\/semsector.com\/wp-content\/uploads\/2012\/11\/ppc-hizmetler.jpg 1200w, https:\/\/semsector.com\/wp-content\/uploads\/2012\/11\/ppc-hizmetler-150x78.jpg 150w, https:\/\/semsector.com\/wp-content\/uploads\/2012\/11\/ppc-hizmetler-300x157.jpg 300w, https:\/\/semsector.com\/wp-content\/uploads\/2012\/11\/ppc-hizmetler-768x401.jpg 768w\" data-sizes=\"(max-width: 1060px) 100vw, 1060px\" title=\"\" src=\"data:image\/svg+xml;base64,PHN2ZyB3aWR0aD0iMSIgaGVpZ2h0PSIxIiB4bWxucz0iaHR0cDovL3d3dy53My5vcmcvMjAwMC9zdmciPjwvc3ZnPg==\" style=\"--smush-placeholder-width: 1060px; --smush-placeholder-aspect-ratio: 1060\/554;\"><\/a>\n<h1 class=\"pt-cv-title\"><a href=\"https:\/\/semsector.com\/en\/services\/ppc\/\" class=\"_self\" target=\"_self\" >PPC Advertising<\/a><\/h1>\n<div class=\"pt-cv-content\"><a class=\"\" data-lightbox=\"lightbox[rel-683-253769493]\" href=\"https:\/\/semsector.com\/wp-content\/uploads\/2012\/11\/ppc-banner.png\" target=\"_self\" class=\"vc_single_image-wrapper   vc_box_border_grey\"><\/a> Pay Per Click Services PPC \/ Pay per click is an internet advertising model that aims to direct traffic ...<br \/><div class=\"pt-cv-rmwrap\"><a href=\"https:\/\/semsector.com\/en\/services\/ppc\/\" class=\"_self pt-cv-readmore btn btn-success\" target=\"_self\">Read More<\/a><\/div><\/div><\/div><\/div>\n<div class=\"col-md-6 col-sm-12 col-xs-12 pt-cv-content-item pt-cv-1-col\" ><div class='pt-cv-ifield'><a href=\"https:\/\/semsector.com\/en\/services\/search-engine-optimization\/\" class=\"_self pt-cv-href-thumbnail pt-cv-thumb-default\" target=\"_self\" ><img decoding=\"async\" width=\"1060\" height=\"554\" data-src=\"https:\/\/semsector.com\/wp-content\/uploads\/2012\/11\/seo-hizmeti-1200x627.jpg\" class=\"pt-cv-thumbnail lazyload\" alt=\"seo arama motoru optimizasyonu hizmeti\" data-srcset=\"https:\/\/semsector.com\/wp-content\/uploads\/2012\/11\/seo-hizmeti.jpg 1200w, https:\/\/semsector.com\/wp-content\/uploads\/2012\/11\/seo-hizmeti-150x78.jpg 150w, https:\/\/semsector.com\/wp-content\/uploads\/2012\/11\/seo-hizmeti-300x157.jpg 300w, https:\/\/semsector.com\/wp-content\/uploads\/2012\/11\/seo-hizmeti-768x401.jpg 768w\" data-sizes=\"(max-width: 1060px) 100vw, 1060px\" title=\"\" src=\"data:image\/svg+xml;base64,PHN2ZyB3aWR0aD0iMSIgaGVpZ2h0PSIxIiB4bWxucz0iaHR0cDovL3d3dy53My5vcmcvMjAwMC9zdmciPjwvc3ZnPg==\" style=\"--smush-placeholder-width: 1060px; --smush-placeholder-aspect-ratio: 1060\/554;\"><\/a>\n<h1 class=\"pt-cv-title\"><a href=\"https:\/\/semsector.com\/en\/services\/search-engine-optimization\/\" class=\"_self\" target=\"_self\" >SEO Services<\/a><\/h1>\n<div class=\"pt-cv-content\">Search Engine Optimization\u00a0Services Search engine optimization (SEO) is one of the processes of online marketing strategy for a website or ...<br \/><div class=\"pt-cv-rmwrap\"><a href=\"https:\/\/semsector.com\/en\/services\/search-engine-optimization\/\" class=\"_self pt-cv-readmore btn btn-success\" target=\"_self\">Read More<\/a><\/div><\/div><\/div><\/div>\n<div class=\"col-md-6 col-sm-12 col-xs-12 pt-cv-content-item pt-cv-1-col\" ><div class='pt-cv-ifield'><a href=\"https:\/\/semsector.com\/en\/services\/search-engine-optimization\/off-site\/\" class=\"_self pt-cv-href-thumbnail pt-cv-thumb-default\" target=\"_self\" ><img decoding=\"async\" width=\"1060\" height=\"554\" data-src=\"https:\/\/semsector.com\/wp-content\/uploads\/2012\/11\/link-building-seo-1200x627.jpg\" class=\"pt-cv-thumbnail lazyload\" alt=\"link building seo\" data-srcset=\"https:\/\/semsector.com\/wp-content\/uploads\/2012\/11\/link-building-seo.jpg 1200w, https:\/\/semsector.com\/wp-content\/uploads\/2012\/11\/link-building-seo-150x78.jpg 150w, https:\/\/semsector.com\/wp-content\/uploads\/2012\/11\/link-building-seo-300x157.jpg 300w, https:\/\/semsector.com\/wp-content\/uploads\/2012\/11\/link-building-seo-768x401.jpg 768w\" data-sizes=\"(max-width: 1060px) 100vw, 1060px\" title=\"\" src=\"data:image\/svg+xml;base64,PHN2ZyB3aWR0aD0iMSIgaGVpZ2h0PSIxIiB4bWxucz0iaHR0cDovL3d3dy53My5vcmcvMjAwMC9zdmciPjwvc3ZnPg==\" style=\"--smush-placeholder-width: 1060px; --smush-placeholder-aspect-ratio: 1060\/554;\"><\/a>\n<h1 class=\"pt-cv-title\"><a href=\"https:\/\/semsector.com\/en\/services\/search-engine-optimization\/off-site\/\" class=\"_self\" target=\"_self\" >Link Building Service<\/a><\/h1>\n<div class=\"pt-cv-content\">Off-Site SEO &#8211; Link Building Off-page SEO encompasses all SEO efforts that are applied outside of the website itself. Typically ...<br \/><div class=\"pt-cv-rmwrap\"><a href=\"https:\/\/semsector.com\/en\/services\/search-engine-optimization\/off-site\/\" class=\"_self pt-cv-readmore btn btn-success\" target=\"_self\">Read More<\/a><\/div><\/div><\/div><\/div>\n<div class=\"col-md-6 col-sm-12 col-xs-12 pt-cv-content-item pt-cv-1-col\" ><div class='pt-cv-ifield'><a href=\"https:\/\/semsector.com\/en\/services\/search-engine-optimization\/on-site\/\" class=\"_self pt-cv-href-thumbnail pt-cv-thumb-default\" target=\"_self\" ><img decoding=\"async\" width=\"1060\" height=\"554\" data-src=\"https:\/\/semsector.com\/wp-content\/uploads\/2012\/11\/site-ici-arama-motoru-optimizasyonu-seo-1200x627.jpg\" class=\"pt-cv-thumbnail lazyload\" alt=\"site i\u00e7i arama motoru optimizasyonu seo\" data-srcset=\"https:\/\/semsector.com\/wp-content\/uploads\/2012\/11\/site-ici-arama-motoru-optimizasyonu-seo.jpg 1200w, https:\/\/semsector.com\/wp-content\/uploads\/2012\/11\/site-ici-arama-motoru-optimizasyonu-seo-150x78.jpg 150w, https:\/\/semsector.com\/wp-content\/uploads\/2012\/11\/site-ici-arama-motoru-optimizasyonu-seo-300x157.jpg 300w, https:\/\/semsector.com\/wp-content\/uploads\/2012\/11\/site-ici-arama-motoru-optimizasyonu-seo-768x401.jpg 768w\" data-sizes=\"(max-width: 1060px) 100vw, 1060px\" title=\"\" src=\"data:image\/svg+xml;base64,PHN2ZyB3aWR0aD0iMSIgaGVpZ2h0PSIxIiB4bWxucz0iaHR0cDovL3d3dy53My5vcmcvMjAwMC9zdmciPjwvc3ZnPg==\" style=\"--smush-placeholder-width: 1060px; --smush-placeholder-aspect-ratio: 1060\/554;\"><\/a>\n<h1 class=\"pt-cv-title\"><a href=\"https:\/\/semsector.com\/en\/services\/search-engine-optimization\/on-site\/\" class=\"_self\" target=\"_self\" >On-Site SEO Analyze<\/a><\/h1>\n<div class=\"pt-cv-content\"><a class=\"\" data-lightbox=\"lightbox[rel-908-1394535963]\" href=\"https:\/\/semsector.com\/wp-content\/uploads\/2012\/12\/site-ici-seo-hizmeti.jpg\" target=\"_self\" class=\"vc_single_image-wrapper   vc_box_border_grey\"><\/a> What is On-Site SEO? Our proven onsite SEO services will help your website attract the right visitors. On-site optimization ...<br \/><div class=\"pt-cv-rmwrap\"><a href=\"https:\/\/semsector.com\/en\/services\/search-engine-optimization\/on-site\/\" class=\"_self pt-cv-readmore btn btn-success\" target=\"_self\">Read More<\/a><\/div><\/div><\/div><\/div>\n<div class=\"col-md-6 col-sm-12 col-xs-12 pt-cv-content-item pt-cv-1-col\" ><div class='pt-cv-ifield'><a href=\"https:\/\/semsector.com\/en\/services\/social-media-marketing\/\" class=\"_self pt-cv-href-thumbnail pt-cv-thumb-default\" target=\"_self\" ><img decoding=\"async\" width=\"1060\" height=\"554\" data-src=\"https:\/\/semsector.com\/wp-content\/uploads\/2012\/11\/sosyal-medya-yonetimi-hizmeti-1200x627.jpg\" class=\"pt-cv-thumbnail lazyload\" alt=\"sosyal medya y\u00f6netimi hizmeti\" data-srcset=\"https:\/\/semsector.com\/wp-content\/uploads\/2012\/11\/sosyal-medya-yonetimi-hizmeti.jpg 1200w, https:\/\/semsector.com\/wp-content\/uploads\/2012\/11\/sosyal-medya-yonetimi-hizmeti-150x78.jpg 150w, https:\/\/semsector.com\/wp-content\/uploads\/2012\/11\/sosyal-medya-yonetimi-hizmeti-300x157.jpg 300w, https:\/\/semsector.com\/wp-content\/uploads\/2012\/11\/sosyal-medya-yonetimi-hizmeti-768x401.jpg 768w\" data-sizes=\"(max-width: 1060px) 100vw, 1060px\" title=\"\" src=\"data:image\/svg+xml;base64,PHN2ZyB3aWR0aD0iMSIgaGVpZ2h0PSIxIiB4bWxucz0iaHR0cDovL3d3dy53My5vcmcvMjAwMC9zdmciPjwvc3ZnPg==\" style=\"--smush-placeholder-width: 1060px; --smush-placeholder-aspect-ratio: 1060\/554;\"><\/a>\n<h1 class=\"pt-cv-title\"><a href=\"https:\/\/semsector.com\/en\/services\/social-media-marketing\/\" class=\"_self\" target=\"_self\" >Social Media Marketing<\/a><\/h1>\n<div class=\"pt-cv-content\">Social Media Marketing Service The experimentation era in social media marketing is long over. Social media has proven to be ...<br \/><div class=\"pt-cv-rmwrap\"><a href=\"https:\/\/semsector.com\/en\/services\/social-media-marketing\/\" class=\"_self pt-cv-readmore btn btn-success\" target=\"_self\">Read More<\/a><\/div><\/div><\/div><\/div>\n<div class=\"col-md-6 col-sm-12 col-xs-12 pt-cv-content-item pt-cv-1-col\" ><div class='pt-cv-ifield'><a href=\"https:\/\/semsector.com\/en\/services\/web-analytics\/\" class=\"_self pt-cv-href-thumbnail pt-cv-thumb-default\" target=\"_self\" ><img decoding=\"async\" width=\"1060\" height=\"554\" data-src=\"https:\/\/semsector.com\/wp-content\/uploads\/2012\/11\/web-analiz-hizmeti-1200x627.jpg\" class=\"pt-cv-thumbnail lazyload\" alt=\"web analiz hizmeti\" data-srcset=\"https:\/\/semsector.com\/wp-content\/uploads\/2012\/11\/web-analiz-hizmeti.jpg 1200w, https:\/\/semsector.com\/wp-content\/uploads\/2012\/11\/web-analiz-hizmeti-150x78.jpg 150w, https:\/\/semsector.com\/wp-content\/uploads\/2012\/11\/web-analiz-hizmeti-300x157.jpg 300w, https:\/\/semsector.com\/wp-content\/uploads\/2012\/11\/web-analiz-hizmeti-768x401.jpg 768w\" data-sizes=\"(max-width: 1060px) 100vw, 1060px\" title=\"\" src=\"data:image\/svg+xml;base64,PHN2ZyB3aWR0aD0iMSIgaGVpZ2h0PSIxIiB4bWxucz0iaHR0cDovL3d3dy53My5vcmcvMjAwMC9zdmciPjwvc3ZnPg==\" style=\"--smush-placeholder-width: 1060px; --smush-placeholder-aspect-ratio: 1060\/554;\"><\/a>\n<h1 class=\"pt-cv-title\"><a href=\"https:\/\/semsector.com\/en\/services\/web-analytics\/\" class=\"_self\" target=\"_self\" >Web Analytics Service<\/a><\/h1>\n<div class=\"pt-cv-content\"><a href=\"https:\/\/semsector.com\/wp-content\/uploads\/2012\/12\/web-analytics.png\"><\/a> <strong>Web Analytics Service<\/strong><strong><br \/> <\/strong> Web analytics is the measurement, collection, analysis and reporting of web data for purposes of ...<br \/><div class=\"pt-cv-rmwrap\"><a href=\"https:\/\/semsector.com\/en\/services\/web-analytics\/\" class=\"_self pt-cv-readmore btn btn-success\" target=\"_self\">Read More<\/a><\/div><\/div><\/div><\/div>\n<div class=\"col-md-6 col-sm-12 col-xs-12 pt-cv-content-item pt-cv-1-col\" ><div class='pt-cv-ifield'><a href=\"https:\/\/semsector.com\/en\/services\/ppc\/yandex-ads\/\" class=\"_self pt-cv-href-thumbnail pt-cv-thumb-default\" target=\"_self\" ><img decoding=\"async\" width=\"1060\" height=\"554\" data-src=\"https:\/\/semsector.com\/wp-content\/uploads\/2012\/11\/Yandex-Pazarlamas\u0131-1200x627.jpg\" class=\"pt-cv-thumbnail lazyload\" alt=\"Yandex Pazarlamas\u0131 Reklam\" data-srcset=\"https:\/\/semsector.com\/wp-content\/uploads\/2012\/11\/Yandex-Pazarlamas\u0131.jpg 1200w, https:\/\/semsector.com\/wp-content\/uploads\/2012\/11\/Yandex-Pazarlamas\u0131-150x78.jpg 150w, https:\/\/semsector.com\/wp-content\/uploads\/2012\/11\/Yandex-Pazarlamas\u0131-300x157.jpg 300w, https:\/\/semsector.com\/wp-content\/uploads\/2012\/11\/Yandex-Pazarlamas\u0131-768x401.jpg 768w\" data-sizes=\"(max-width: 1060px) 100vw, 1060px\" title=\"\" src=\"data:image\/svg+xml;base64,PHN2ZyB3aWR0aD0iMSIgaGVpZ2h0PSIxIiB4bWxucz0iaHR0cDovL3d3dy53My5vcmcvMjAwMC9zdmciPjwvc3ZnPg==\" style=\"--smush-placeholder-width: 1060px; --smush-placeholder-aspect-ratio: 1060\/554;\"><\/a>\n<h1 class=\"pt-cv-title\"><a href=\"https:\/\/semsector.com\/en\/services\/ppc\/yandex-ads\/\" class=\"_self\" target=\"_self\" >Yandex Advertising<\/a><\/h1>\n<div class=\"pt-cv-content\"><a href=\"https:\/\/semsector.com\/wp-content\/uploads\/2012\/12\/yandex-reklam-hizmeti.jpg\"><\/a> Yandex Direct Advertising Service The most popular 7th search engine Yandex is the dominant search engine in Russia with ...<br \/><div class=\"pt-cv-rmwrap\"><a href=\"https:\/\/semsector.com\/en\/services\/ppc\/yandex-ads\/\" class=\"_self pt-cv-readmore btn btn-success\" target=\"_self\">Read More<\/a><\/div><\/div><\/div><\/div><\/div><\/div><\/div>\n\n\t\t<\/div>\n\t<\/div>\n<\/div><\/div><\/div><\/div><\/div>\n<\/div>","protected":false},"excerpt":{"rendered":"<p>Online Pazarlama ve \u0130nteraktif Reklam, Google Adwords, Google Analytics, SEO, SEM, Facebook Reklamlar\u0131, Remarketing, E-mail Pazarlama, Sosyal Medya Pazarlama ve Yerel Online Reklamc\u0131l\u0131k Hizmetleri<\/p>","protected":false},"author":1,"featured_media":5473,"parent":0,"menu_order":0,"comment_status":"closed","ping_status":"closed","template":"","meta":{"footnotes":""},"class_list":["post-654","page","type-page","status-publish","has-post-thumbnail","hentry"],"_links":{"self":[{"href":"https:\/\/semsector.com\/en\/wp-json\/wp\/v2\/pages\/654","targetHints":{"allow":["GET"]}}],"collection":[{"href":"https:\/\/semsector.com\/en\/wp-json\/wp\/v2\/pages"}],"about":[{"href":"https:\/\/semsector.com\/en\/wp-json\/wp\/v2\/types\/page"}],"author":[{"embeddable":true,"href":"https:\/\/semsector.com\/en\/wp-json\/wp\/v2\/users\/1"}],"replies":[{"embeddable":true,"href":"https:\/\/semsector.com\/en\/wp-json\/wp\/v2\/comments?post=654"}],"version-history":[{"count":0,"href":"https:\/\/semsector.com\/en\/wp-json\/wp\/v2\/pages\/654\/revisions"}],"wp:featuredmedia":[{"embeddable":true,"href":"https:\/\/semsector.com\/en\/wp-json\/wp\/v2\/media\/5473"}],"wp:attachment":[{"href":"https:\/\/semsector.com\/en\/wp-json\/wp\/v2\/media?parent=654"}],"curies":[{"name":"wp","href":"https:\/\/api.w.org\/{rel}","templated":true}]}}