{"id":1721,"date":"2013-01-03T21:23:30","date_gmt":"2013-01-03T19:23:30","guid":{"rendered":"http:\/\/semsector.com\/?page_id=1721"},"modified":"2024-09-21T00:36:41","modified_gmt":"2024-09-20T21:36:41","slug":"facebook-paketleri","status":"publish","type":"page","link":"https:\/\/semsector.com\/en\/online-marketing-packages\/meta\/","title":{"rendered":"Facebook Packages"},"content":{"rendered":"<div class=\"wpb-content-wrapper\"><div class=\"vc_row wpb_row vc_row-fluid mkdf-section mkdf-content-aligment-left\" style=\"\"><div class=\"clearfix mkdf-full-section-inner\"><div class=\"wpb_column vc_column_container vc_col-sm-12\"><div class=\"vc_column-inner\"><div class=\"wpb_wrapper\">\n\t<div  class=\"wpb_single_image wpb_content_element vc_align_center wpb_content_element\">\n\t\t\n\t\t<figure class=\"wpb_wrapper vc_figure\">\n\t\t\t<div class=\"vc_single_image-wrapper   vc_box_border_grey\"><img decoding=\"async\" width=\"920\" height=\"130\" data-src=\"https:\/\/semsector.com\/wp-content\/uploads\/2013\/01\/fb-banner.png\" class=\"vc_single_image-img attachment-full lazyload\" alt=\"facebook reklam paketleri\" title=\"fb-banner\" data-srcset=\"https:\/\/semsector.com\/wp-content\/uploads\/2013\/01\/fb-banner.png 920w, https:\/\/semsector.com\/wp-content\/uploads\/2013\/01\/fb-banner-150x21.png 150w, https:\/\/semsector.com\/wp-content\/uploads\/2013\/01\/fb-banner-300x42.png 300w\" data-sizes=\"(max-width: 920px) 100vw, 920px\" src=\"data:image\/svg+xml;base64,PHN2ZyB3aWR0aD0iMSIgaGVpZ2h0PSIxIiB4bWxucz0iaHR0cDovL3d3dy53My5vcmcvMjAwMC9zdmciPjwvc3ZnPg==\" style=\"--smush-placeholder-width: 920px; --smush-placeholder-aspect-ratio: 920\/130;\" \/><\/div>\n\t\t<\/figure>\n\t<\/div>\n\n\t<div class=\"wpb_text_column wpb_content_element\" >\n\t\t<div class=\"wpb_wrapper\">\n\t\t\t<h1 style=\"text-align: center;\">Reach Targeted Audience with Facebook Packages<\/h1>\n<p>&nbsp;<\/p>\n<table border=\"0\" align=\"center\">\n<tbody>\n<tr>\n<td><strong><a href=\"http:\/\/semsector.com\/wp-content\/uploads\/2012\/12\/blue-star-icon.png\" rel=\"attachment wp-att-1848\"><img decoding=\"async\" class=\"alignnone lazyload\" data-src=\"http:\/\/semsector.com\/wp-content\/uploads\/2012\/12\/blue-star-icon.png\" alt=\"blue-star-icon\" width=\"24\" height=\"24\" title=\"\" src=\"data:image\/svg+xml;base64,PHN2ZyB3aWR0aD0iMSIgaGVpZ2h0PSIxIiB4bWxucz0iaHR0cDovL3d3dy53My5vcmcvMjAwMC9zdmciPjwvc3ZnPg==\" style=\"--smush-placeholder-width: 24px; --smush-placeholder-aspect-ratio: 24\/24;\"><\/a><\/strong><\/td>\n<td><strong>\u00a0Choose and create your own Facebook\u00a0package based your budget and marketing activities,\u00a0we provide tailored solutions in terms of transaction funnel, user data analysis, search monetizing, and advanced usability features that aim for improved results.<\/strong><\/td>\n<\/tr>\n<tr>\n<td><strong><a href=\"http:\/\/semsector.com\/wp-content\/uploads\/2012\/12\/green-star-icon.png\" rel=\"attachment wp-att-1849\"><img decoding=\"async\" class=\"alignnone lazyload\" data-src=\"http:\/\/semsector.com\/wp-content\/uploads\/2012\/12\/green-star-icon.png\" alt=\"green-star-icon\" width=\"24\" height=\"24\" title=\"\" src=\"data:image\/svg+xml;base64,PHN2ZyB3aWR0aD0iMSIgaGVpZ2h0PSIxIiB4bWxucz0iaHR0cDovL3d3dy53My5vcmcvMjAwMC9zdmciPjwvc3ZnPg==\" style=\"--smush-placeholder-width: 24px; --smush-placeholder-aspect-ratio: 24\/24;\"><\/a><\/strong><\/td>\n<td><strong>\u00a0Our Facebook ads team develops and executes on strategic plans for you\u00a0that will reach the right audience to generate sales and\/or qualified leads at a cost-effective rate.<\/strong><\/td>\n<\/tr>\n<tr>\n<td><strong><a href=\"http:\/\/semsector.com\/wp-content\/uploads\/2012\/12\/red-star-icon.png\" rel=\"attachment wp-att-1850\"><img decoding=\"async\" class=\"alignnone lazyload\" data-src=\"http:\/\/semsector.com\/wp-content\/uploads\/2012\/12\/red-star-icon.png\" alt=\"red-star-icon\" width=\"24\" height=\"24\" title=\"\" src=\"data:image\/svg+xml;base64,PHN2ZyB3aWR0aD0iMSIgaGVpZ2h0PSIxIiB4bWxucz0iaHR0cDovL3d3dy53My5vcmcvMjAwMC9zdmciPjwvc3ZnPg==\" style=\"--smush-placeholder-width: 24px; --smush-placeholder-aspect-ratio: 24\/24;\"><\/a><\/strong><\/td>\n<td><strong>\u00a0Feel free to <span style=\"color: #ff0000;\">contact us<\/span> about our services and details for the packages.<\/strong><\/td>\n<\/tr>\n<\/tbody>\n<\/table>\n<p>&nbsp;<\/p>\n<div class=\"mkdf-section-title-holder\">\n<h2 class=\"mkdf-section-title mkdf-section-title-large\" style=\"text-align: center;\">FACEBOOK ADS PACKAGES<\/h2>\n<\/div>\n<div class=\"mkdf-section-subtitle-holder\">\n<p class=\"mkdf-section-subtitle\" style=\"text-align: center;\">Select one of the <strong>Facebook Advertising Packages <\/strong>which suits best need of your online business and start to boost visibly at the most popular social platform Facebook.<\/p>\n<\/div>\n\n\t\t<\/div>\n\t<\/div>\n<div class=\"vc_empty_space\"   style=\"height: 32px\"><span class=\"vc_empty_space_inner\"><\/span><\/div>\t<div class=\"mkdf-comparision-pricing-tables-holder mkdf-three-columns\">\n\t\t<div class=\"mkdf-cpt-features-holder mkdf-cpt-table\">\n\t\t\t\t\t\t\t<div class=\"mkdf-cpt-table-border-top\" style=\"background-color: #333745\"><\/div>\n\t\t\t\n\t\t\t<div class=\"mkdf-cpt-features-title mkdf-cpt-table-head-holder\">\n\t\t\t\t<div class=\"mkdf-cpt-table-head-holder-inner\">\n\t\t\t\t\t<h4>FACEBOOK ADS PACKAGES<\/h4>\n\t\t\t\t<\/div>\n\t\t\t<\/div>\n\t\t\t<div class=\"mkdf-cpt-features-list-holder mkdf-cpt-table-content\">\n\t\t\t\t<ul class=\"mkdf-cpt-features-list\">\n\t\t\t\t\t\t\t\t\t\t\t<li class=\"mkdf-cpt-features-item\"><span>Campaign Management<\/span><\/li>\n\t\t\t\t\t\t\t\t\t\t\t<li class=\"mkdf-cpt-features-item\"><span>Account Analyze and Optimization<\/span><\/li>\n\t\t\t\t\t\t\t\t\t\t\t<li class=\"mkdf-cpt-features-item\"><span>Ads Creation<\/span><\/li>\n\t\t\t\t\t\t\t\t\t\t\t<li class=\"mkdf-cpt-features-item\"><span>Free Specialist Consulting<\/span><\/li>\n\t\t\t\t\t\t\t\t\t\t\t<li class=\"mkdf-cpt-features-item\"><span>Conversation &amp; ROI<\/span><\/li>\n\t\t\t\t\t\t\t\t\t\t\t<li class=\"mkdf-cpt-features-item\"><span>Remarketing Ads<\/span><\/li>\n\t\t\t\t\t\t\t\t\t\t\t<li class=\"mkdf-cpt-features-item\"><span>Instagram Ads<\/span><\/li>\n\t\t\t\t\t\t\t\t\t\t\t<li class=\"mkdf-cpt-features-item\"><span>FB Pixel Integration<\/span><\/li>\n\t\t\t\t\t\t\t\t\t\t\t<li class=\"mkdf-cpt-features-item\"><span>Mobile App Ads<\/span><\/li>\n\t\t\t\t\t\t\t\t\t\t\t<li class=\"mkdf-cpt-features-item\"><span>Dynamic Product Ads<\/span><\/li>\n\t\t\t\t\t\t\t\t\t\t\t<li class=\"mkdf-cpt-features-item\"><span>Website SEO Analyze<\/span><\/li>\n\t\t\t\t\t\t\t\t\t\t\t<li class=\"mkdf-cpt-features-item\"><span>Campaign Period<\/span><\/li>\n\t\t\t\t\t\t\t\t\t\t\t<li class=\"mkdf-cpt-features-item\"><span>Reporting<\/span><\/li>\n\t\t\t\t\t\t\t\t\t<\/ul>\n\t\t\t<\/div>\n\t\t<\/div>\n\t\t<div class=\"mkdf-comparision-table-holder mkdf-cpt-table\">\n\t<div class=\"mkdf-cpt-table-holder-inner\">\n\t\t\t\t\t<div class=\"mkdf-cpt-table-border-top\" style=\"background-color: #43cb83\"><\/div>\n\t\t\n\t\t<div class=\"mkdf-cpt-table-head-holder\">\n\t\t\t<div class=\"mkdf-cpt-table-head-holder-inner\">\n\t\t\t\t\t\t\t\t\t<h4 class=\"mkdf-cpt-table-title\">Bronze<\/h4>\n\t\t\t\t\n\t\t\t\t\t\t\t\t\t<div class=\"mkdf-cpt-table-price-holder\">\n\t\t\t\t\t\t\t\t\t\t\t\t\t<!--\n\t\t\t\t\t\t\n\t\t\t\t\t\t --><span class=\"mkdf-cpt-table-price\">100<\/span>\n\n\t\t\t\t\t\t\t\t\t\t\t<\/div>\n\t\t\t\t\t\t\t<\/div>\n\t\t<\/div>\n\n\t\t<div class=\"mkdf-cpt-table-content\">\n\t\t\t\n<ul>\n<li>\n    <span class=\"mkdf-icon-shortcode normal\"  data-color=\"#43cb83\">\n        \n        <i class=\"mkdf-icon-font-awesome fa fa-check mkdf-icon-element\" style=\"color: #43cb83;font-size:24px\" ><\/i>\n            <\/span>\n\n<\/li>\n<li>\n    <span class=\"mkdf-icon-shortcode normal\"  data-color=\"#43cb83\">\n        \n        <i class=\"mkdf-icon-font-awesome fa fa-check mkdf-icon-element\" style=\"color: #43cb83;font-size:24px\" ><\/i>\n            <\/span>\n\n<\/li>\n<li>\n    <span class=\"mkdf-icon-shortcode normal\"  data-color=\"#43cb83\">\n        \n        <i class=\"mkdf-icon-font-awesome fa fa-check mkdf-icon-element\" style=\"color: #43cb83;font-size:24px\" ><\/i>\n            <\/span>\n\n<\/li>\n<li>\n    <span class=\"mkdf-icon-shortcode normal\"  data-color=\"#43cb83\">\n        \n        <i class=\"mkdf-icon-font-awesome fa fa-check mkdf-icon-element\" style=\"color: #43cb83;font-size:24px\" ><\/i>\n            <\/span>\n\n<\/li>\n<li>\n    <span class=\"mkdf-icon-shortcode normal\"  data-color=\"#8e8e8e\">\n        \n        <i class=\"mkdf-icon-font-awesome fa fa-close mkdf-icon-element\" style=\"color: #8e8e8e;font-size:24px\" ><\/i>\n            <\/span>\n\n<\/li>\n<li>\n    <span class=\"mkdf-icon-shortcode normal\"  data-color=\"#8e8e8e\">\n        \n        <i class=\"mkdf-icon-font-awesome fa fa-close mkdf-icon-element\" style=\"color: #8e8e8e;font-size:24px\" ><\/i>\n            <\/span>\n\n<\/li>\n<li>\n    <span class=\"mkdf-icon-shortcode normal\"  data-color=\"#8e8e8e\">\n        \n        <i class=\"mkdf-icon-font-awesome fa fa-close mkdf-icon-element\" style=\"color: #8e8e8e;font-size:24px\" ><\/i>\n            <\/span>\n\n<\/li>\n<li>\n    <span class=\"mkdf-icon-shortcode normal\"  data-color=\"#8e8e8e\">\n        \n        <i class=\"mkdf-icon-font-awesome fa fa-close mkdf-icon-element\" style=\"color: #8e8e8e;font-size:24px\" ><\/i>\n            <\/span>\n\n<\/li>\n<li>\n    <span class=\"mkdf-icon-shortcode normal\"  data-color=\"#8e8e8e\">\n        \n        <i class=\"mkdf-icon-font-awesome fa fa-close mkdf-icon-element\" style=\"color: #8e8e8e;font-size:24px\" ><\/i>\n            <\/span>\n\n<\/li>\n<li>\n    <span class=\"mkdf-icon-shortcode normal\"  data-color=\"#8e8e8e\">\n        \n        <i class=\"mkdf-icon-font-awesome fa fa-close mkdf-icon-element\" style=\"color: #8e8e8e;font-size:24px\" ><\/i>\n            <\/span>\n\n<\/li>\n<li>\n    <span class=\"mkdf-icon-shortcode normal\"  data-color=\"#8e8e8e\">\n        \n        <i class=\"mkdf-icon-font-awesome fa fa-close mkdf-icon-element\" style=\"color: #8e8e8e;font-size:24px\" ><\/i>\n            <\/span>\n\n<\/li>\n<li>1 Month<\/li>\n<li>E-mail Weekly<\/li>\n<\/ul>\n\t\t<\/div>\n\t\t\t\t<div class=\"mkdf-cpt-table-footer\">\n\t\t\t<div class=\"mkdf-cpt-table-btn\">\n\t\t\t\t<a  href=\"https:\/\/semsector.com\/en\/iletisim\/\">\n\t\t\t\t\t<span>Order<\/span>\n\t\t\t\t<\/a>\n\t\t\t<\/div>\n\t\t<\/div>\n\t\t\t<\/div>\n<\/div><div class=\"mkdf-comparision-table-holder mkdf-cpt-table\">\n\t<div class=\"mkdf-cpt-table-holder-inner\">\n\t\t\t\t\t<div class=\"mkdf-cpt-table-border-top\" style=\"background-color: #43cb83\"><\/div>\n\t\t\n\t\t<div class=\"mkdf-cpt-table-head-holder\">\n\t\t\t<div class=\"mkdf-cpt-table-head-holder-inner\">\n\t\t\t\t\t\t\t\t\t<h4 class=\"mkdf-cpt-table-title\">Silver<\/h4>\n\t\t\t\t\n\t\t\t\t\t\t\t\t\t<div class=\"mkdf-cpt-table-price-holder\">\n\t\t\t\t\t\t\t\t\t\t\t\t\t<!--\n\t\t\t\t\t\t\n\t\t\t\t\t\t --><span class=\"mkdf-cpt-table-price\">100<\/span>\n\n\t\t\t\t\t\t\t\t\t\t\t<\/div>\n\t\t\t\t\t\t\t<\/div>\n\t\t<\/div>\n\n\t\t<div class=\"mkdf-cpt-table-content\">\n\t\t\t\n<ul>\n<li>\n    <span class=\"mkdf-icon-shortcode normal\"  data-color=\"#43cb83\">\n        \n        <i class=\"mkdf-icon-font-awesome fa fa-check mkdf-icon-element\" style=\"color: #43cb83;font-size:24px\" ><\/i>\n            <\/span>\n\n<\/li>\n<li>\n    <span class=\"mkdf-icon-shortcode normal\"  data-color=\"#43cb83\">\n        \n        <i class=\"mkdf-icon-font-awesome fa fa-check mkdf-icon-element\" style=\"color: #43cb83;font-size:24px\" ><\/i>\n            <\/span>\n\n<\/li>\n<li>\n    <span class=\"mkdf-icon-shortcode normal\"  data-color=\"#43cb83\">\n        \n        <i class=\"mkdf-icon-font-awesome fa fa-check mkdf-icon-element\" style=\"color: #43cb83;font-size:24px\" ><\/i>\n            <\/span>\n\n<\/li>\n<li>\n    <span class=\"mkdf-icon-shortcode normal\"  data-color=\"#43cb83\">\n        \n        <i class=\"mkdf-icon-font-awesome fa fa-check mkdf-icon-element\" style=\"color: #43cb83;font-size:24px\" ><\/i>\n            <\/span>\n\n<\/li>\n<li>\n    <span class=\"mkdf-icon-shortcode normal\"  data-color=\"#43cb83\">\n        \n        <i class=\"mkdf-icon-font-awesome fa fa-check mkdf-icon-element\" style=\"color: #43cb83;font-size:24px\" ><\/i>\n            <\/span>\n\n<\/li>\n<li>\n    <span class=\"mkdf-icon-shortcode normal\"  data-color=\"#43cb83\">\n        \n        <i class=\"mkdf-icon-font-awesome fa fa-check mkdf-icon-element\" style=\"color: #43cb83;font-size:24px\" ><\/i>\n            <\/span>\n\n<\/li>\n<li>\n    <span class=\"mkdf-icon-shortcode normal\"  data-color=\"#43cb83\">\n        \n        <i class=\"mkdf-icon-font-awesome fa fa-check mkdf-icon-element\" style=\"color: #43cb83;font-size:24px\" ><\/i>\n            <\/span>\n\n<\/li>\n<li>\n    <span class=\"mkdf-icon-shortcode normal\"  data-color=\"#8e8e8e\">\n        \n        <i class=\"mkdf-icon-font-awesome fa fa-close mkdf-icon-element\" style=\"color: #8e8e8e;font-size:24px\" ><\/i>\n            <\/span>\n\n<\/li>\n<li>\n    <span class=\"mkdf-icon-shortcode normal\"  data-color=\"#8e8e8e\">\n        \n        <i class=\"mkdf-icon-font-awesome fa fa-close mkdf-icon-element\" style=\"color: #8e8e8e;font-size:24px\" ><\/i>\n            <\/span>\n\n<\/li>\n<li>\n    <span class=\"mkdf-icon-shortcode normal\"  data-color=\"#8e8e8e\">\n        \n        <i class=\"mkdf-icon-font-awesome fa fa-close mkdf-icon-element\" style=\"color: #8e8e8e;font-size:24px\" ><\/i>\n            <\/span>\n\n<\/li>\n<li>\n    <span class=\"mkdf-icon-shortcode normal\"  data-color=\"#8e8e8e\">\n        \n        <i class=\"mkdf-icon-font-awesome fa fa-close mkdf-icon-element\" style=\"color: #8e8e8e;font-size:24px\" ><\/i>\n            <\/span>\n\n<\/li>\n<li>1 \u2013 3 Month<\/li>\n<li>E-mail Weekly<\/li>\n<\/ul>\n\t\t<\/div>\n\t\t\t\t<div class=\"mkdf-cpt-table-footer\">\n\t\t\t<div class=\"mkdf-cpt-table-btn\">\n\t\t\t\t<a style=\"background-color: #333745\" href=\"https:\/\/semsector.com\/en\/iletisim\/\">\n\t\t\t\t\t<span>Order<\/span>\n\t\t\t\t<\/a>\n\t\t\t<\/div>\n\t\t<\/div>\n\t\t\t<\/div>\n<\/div><div class=\"mkdf-comparision-table-holder mkdf-cpt-table\">\n\t<div class=\"mkdf-cpt-table-holder-inner\">\n\t\t\t\t\t<div class=\"mkdf-cpt-table-border-top\" style=\"background-color: #43cb83\"><\/div>\n\t\t\n\t\t<div class=\"mkdf-cpt-table-head-holder\">\n\t\t\t<div class=\"mkdf-cpt-table-head-holder-inner\">\n\t\t\t\t\t\t\t\t\t<h4 class=\"mkdf-cpt-table-title\">Gold<\/h4>\n\t\t\t\t\n\t\t\t\t\t\t\t\t\t<div class=\"mkdf-cpt-table-price-holder\">\n\t\t\t\t\t\t\t\t\t\t\t\t\t<!--\n\t\t\t\t\t\t\n\t\t\t\t\t\t --><span class=\"mkdf-cpt-table-price\">100<\/span>\n\n\t\t\t\t\t\t\t\t\t\t\t<\/div>\n\t\t\t\t\t\t\t<\/div>\n\t\t<\/div>\n\n\t\t<div class=\"mkdf-cpt-table-content\">\n\t\t\t\n<ul>\n<li>\n    <span class=\"mkdf-icon-shortcode normal\"  data-color=\"#43cb83\">\n        \n        <i class=\"mkdf-icon-font-awesome fa fa-check mkdf-icon-element\" style=\"color: #43cb83;font-size:24px\" ><\/i>\n            <\/span>\n\n<\/li>\n<li>\n    <span class=\"mkdf-icon-shortcode normal\"  data-color=\"#43cb83\">\n        \n        <i class=\"mkdf-icon-font-awesome fa fa-check mkdf-icon-element\" style=\"color: #43cb83;font-size:24px\" ><\/i>\n            <\/span>\n\n<\/li>\n<li>\n    <span class=\"mkdf-icon-shortcode normal\"  data-color=\"#43cb83\">\n        \n        <i class=\"mkdf-icon-font-awesome fa fa-check mkdf-icon-element\" style=\"color: #43cb83;font-size:24px\" ><\/i>\n            <\/span>\n\n<\/li>\n<li>\n    <span class=\"mkdf-icon-shortcode normal\"  data-color=\"#43cb83\">\n        \n        <i class=\"mkdf-icon-font-awesome fa fa-check mkdf-icon-element\" style=\"color: #43cb83;font-size:24px\" ><\/i>\n            <\/span>\n\n<\/li>\n<li>\n    <span class=\"mkdf-icon-shortcode normal\"  data-color=\"#43cb83\">\n        \n        <i class=\"mkdf-icon-font-awesome fa fa-check mkdf-icon-element\" style=\"color: #43cb83;font-size:24px\" ><\/i>\n            <\/span>\n\n<\/li>\n<li>\n    <span class=\"mkdf-icon-shortcode normal\"  data-color=\"#43cb83\">\n        \n        <i class=\"mkdf-icon-font-awesome fa fa-check mkdf-icon-element\" style=\"color: #43cb83;font-size:24px\" ><\/i>\n            <\/span>\n\n<\/li>\n<li>\n    <span class=\"mkdf-icon-shortcode normal\"  data-color=\"#43cb83\">\n        \n        <i class=\"mkdf-icon-font-awesome fa fa-check mkdf-icon-element\" style=\"color: #43cb83;font-size:24px\" ><\/i>\n            <\/span>\n\n<\/li>\n<li>\n    <span class=\"mkdf-icon-shortcode normal\"  data-color=\"#43cb83\">\n        \n        <i class=\"mkdf-icon-font-awesome fa fa-check mkdf-icon-element\" style=\"color: #43cb83;font-size:24px\" ><\/i>\n            <\/span>\n\n<\/li>\n<li>\n    <span class=\"mkdf-icon-shortcode normal\"  data-color=\"#43cb83\">\n        \n        <i class=\"mkdf-icon-font-awesome fa fa-check mkdf-icon-element\" style=\"color: #43cb83;font-size:24px\" ><\/i>\n            <\/span>\n\n<\/li>\n<li>\n    <span class=\"mkdf-icon-shortcode normal\"  data-color=\"#43cb83\">\n        \n        <i class=\"mkdf-icon-font-awesome fa fa-check mkdf-icon-element\" style=\"color: #43cb83;font-size:24px\" ><\/i>\n            <\/span>\n\n<\/li>\n<li>\n    <span class=\"mkdf-icon-shortcode normal\"  data-color=\"#43cb83\">\n        \n        <i class=\"mkdf-icon-font-awesome fa fa-check mkdf-icon-element\" style=\"color: #43cb83;font-size:24px\" ><\/i>\n            <\/span>\n\n<\/li>\n<li>Special<\/li>\n<li>Dedicated Consulting<\/li>\n<\/ul>\n\t\t<\/div>\n\t\t\t\t<div class=\"mkdf-cpt-table-footer\">\n\t\t\t<div class=\"mkdf-cpt-table-btn\">\n\t\t\t\t<a  href=\"https:\/\/semsector.com\/en\/iletisim\/\">\n\t\t\t\t\t<span>Order<\/span>\n\t\t\t\t<\/a>\n\t\t\t<\/div>\n\t\t<\/div>\n\t\t\t<\/div>\n<\/div>\t<\/div>\n<\/div><\/div><\/div><\/div><\/div>\n<\/div>","protected":false},"excerpt":{"rendered":"<p>Size Uygun Facebook Paketininden Birini Se\u00e7erek Sosyal Medya \u00dczerinden Websitenizle \u00dcr\u00fcn ve Hizmetlerinizle \u0130lgilenebilecek Hedef Kitlenize Hemen Ula\u015f\u0131n<\/p>","protected":false},"author":1,"featured_media":6450,"parent":1295,"menu_order":0,"comment_status":"closed","ping_status":"closed","template":"","meta":{"footnotes":""},"class_list":["post-1721","page","type-page","status-publish","has-post-thumbnail","hentry"],"_links":{"self":[{"href":"https:\/\/semsector.com\/en\/wp-json\/wp\/v2\/pages\/1721","targetHints":{"allow":["GET"]}}],"collection":[{"href":"https:\/\/semsector.com\/en\/wp-json\/wp\/v2\/pages"}],"about":[{"href":"https:\/\/semsector.com\/en\/wp-json\/wp\/v2\/types\/page"}],"author":[{"embeddable":true,"href":"https:\/\/semsector.com\/en\/wp-json\/wp\/v2\/users\/1"}],"replies":[{"embeddable":true,"href":"https:\/\/semsector.com\/en\/wp-json\/wp\/v2\/comments?post=1721"}],"version-history":[{"count":0,"href":"https:\/\/semsector.com\/en\/wp-json\/wp\/v2\/pages\/1721\/revisions"}],"up":[{"embeddable":true,"href":"https:\/\/semsector.com\/en\/wp-json\/wp\/v2\/pages\/1295"}],"wp:featuredmedia":[{"embeddable":true,"href":"https:\/\/semsector.com\/en\/wp-json\/wp\/v2\/media\/6450"}],"wp:attachment":[{"href":"https:\/\/semsector.com\/en\/wp-json\/wp\/v2\/media?parent=1721"}],"curies":[{"name":"wp","href":"https:\/\/api.w.org\/{rel}","templated":true}]}}