{"id":1295,"date":"2012-12-22T23:58:36","date_gmt":"2012-12-22T21:58:36","guid":{"rendered":"http:\/\/semsector.com\/?page_id=1295"},"modified":"2024-09-21T00:30:12","modified_gmt":"2024-09-20T21:30:12","slug":"online-reklam-paketleri","status":"publish","type":"page","link":"https:\/\/semsector.com\/en\/online-marketing-packages\/","title":{"rendered":"Online Marketing Packages"},"content":{"rendered":"<div class=\"wpb-content-wrapper\"><div class=\"vc_row wpb_row vc_row-fluid mkdf-section mkdf-content-aligment-left\" style=\"\"><div class=\"clearfix mkdf-full-section-inner\"><div class=\"wpb_column vc_column_container vc_col-sm-12\"><div class=\"vc_column-inner\"><div class=\"wpb_wrapper\">\n\t<div  class=\"wpb_single_image wpb_content_element vc_align_center wpb_content_element\">\n\t\t\n\t\t<figure class=\"wpb_wrapper vc_figure\">\n\t\t\t<a class=\"\" data-lightbox=\"lightbox[rel-1295-1319946815]\" href=\"https:\/\/semsector.com\/wp-content\/uploads\/2012\/11\/ppc-banner.png\" target=\"_self\" class=\"vc_single_image-wrapper   vc_box_border_grey\"><img decoding=\"async\" width=\"960\" height=\"295\" data-src=\"https:\/\/semsector.com\/wp-content\/uploads\/2012\/11\/ppc-banner.png\" class=\"vc_single_image-img attachment-full lazyload\" alt=\"ppc-banner\" title=\"ppc-banner\" data-srcset=\"https:\/\/semsector.com\/wp-content\/uploads\/2012\/11\/ppc-banner.png 960w, https:\/\/semsector.com\/wp-content\/uploads\/2012\/11\/ppc-banner-150x46.png 150w, https:\/\/semsector.com\/wp-content\/uploads\/2012\/11\/ppc-banner-300x92.png 300w\" data-sizes=\"(max-width: 960px) 100vw, 960px\" src=\"data:image\/svg+xml;base64,PHN2ZyB3aWR0aD0iMSIgaGVpZ2h0PSIxIiB4bWxucz0iaHR0cDovL3d3dy53My5vcmcvMjAwMC9zdmciPjwvc3ZnPg==\" style=\"--smush-placeholder-width: 960px; --smush-placeholder-aspect-ratio: 960\/295;\" \/><\/a>\n\t\t<\/figure>\n\t<\/div>\n<div class=\"vc_empty_space\"   style=\"height: 32px\"><span class=\"vc_empty_space_inner\"><\/span><\/div><div class=\"mkdf-section-title-holder\">\n\t<h2 class=\"mkdf-section-title\" style=\"text-align: center\">\n\t\tBeat Your Competitors with Sem Sector\t<\/h2>\n<\/div><div class=\"vc_empty_space\"   style=\"height: 32px\"><span class=\"vc_empty_space_inner\"><\/span><\/div><div class=\"mkdf-separator-holder clearfix  mkdf-separator-center\">\n\t<div class=\"mkdf-separator\" style=\"border-color: #000000;border-style: dotted\"><\/div>\n<\/div>\n<\/div><\/div><\/div><\/div><\/div><div class=\"vc_row wpb_row vc_row-fluid mkdf-section mkdf-content-aligment-left\" style=\"\"><div class=\"clearfix mkdf-full-section-inner\"><div class=\"wpb_column vc_column_container vc_col-sm-6\"><div class=\"vc_column-inner\"><div class=\"wpb_wrapper\"><div class=\"vc_empty_space\"   style=\"height: 32px\"><span class=\"vc_empty_space_inner\"><\/span><\/div>\n\t<div class=\"wpb_text_column wpb_content_element\" >\n\t\t<div class=\"wpb_wrapper\">\n\t\t\t<p><img decoding=\"async\" class=\"alignleft lazyload\" data-src=\"https:\/\/i1.wp.com\/semsector.com\/wp-content\/uploads\/2012\/12\/blue-star-icon.png?resize=24%2C24\" alt=\"blue-star-icon\" width=\"24\" height=\"24\" title=\"\" src=\"data:image\/svg+xml;base64,PHN2ZyB3aWR0aD0iMSIgaGVpZ2h0PSIxIiB4bWxucz0iaHR0cDovL3d3dy53My5vcmcvMjAwMC9zdmciPjwvc3ZnPg==\" style=\"--smush-placeholder-width: 24px; --smush-placeholder-aspect-ratio: 24\/24;\">Choose and create your own online marketing package based your budget and marketing activities, we provide tailored solutions in terms of transaction funnel, user data analysis, search monetizing, and advanced usability features that aim for improved results.<\/p>\n<p><img decoding=\"async\" data-src=\"https:\/\/i1.wp.com\/semsector.com\/wp-content\/uploads\/2012\/12\/green-star-icon.png?resize=24%2C24\" alt=\"green-star-icon\" width=\"24\" height=\"24\" title=\"\" src=\"data:image\/svg+xml;base64,PHN2ZyB3aWR0aD0iMSIgaGVpZ2h0PSIxIiB4bWxucz0iaHR0cDovL3d3dy53My5vcmcvMjAwMC9zdmciPjwvc3ZnPg==\" class=\"lazyload\" style=\"--smush-placeholder-width: 24px; --smush-placeholder-aspect-ratio: 24\/24;\">\u00a0 \u00a0 Our team develops and executes on strategic plans for you that will reach the right audience to generate sales and\/or qualified leads at a cost-effective rate.<\/p>\n<p><img decoding=\"async\" data-src=\"https:\/\/i1.wp.com\/semsector.com\/wp-content\/uploads\/2012\/12\/red-star-icon.png?resize=24%2C24\" alt=\"red-star-icon\" width=\"24\" height=\"24\" title=\"\" src=\"data:image\/svg+xml;base64,PHN2ZyB3aWR0aD0iMSIgaGVpZ2h0PSIxIiB4bWxucz0iaHR0cDovL3d3dy53My5vcmcvMjAwMC9zdmciPjwvc3ZnPg==\" class=\"lazyload\" style=\"--smush-placeholder-width: 24px; --smush-placeholder-aspect-ratio: 24\/24;\">\u00a0 \u00a0 <strong>Feel free to\u00a0<a href=\"http:\/\/semsector.com\/en\/contact\/\">contact us<\/a>\u00a0about our services and details for the packages<\/strong><\/p>\n\n\t\t<\/div>\n\t<\/div>\n<div class=\"vc_empty_space\"   style=\"height: 32px\"><span class=\"vc_empty_space_inner\"><\/span><\/div><\/div><\/div><\/div><div class=\"wpb_column vc_column_container vc_col-sm-6\"><div class=\"vc_column-inner\"><div class=\"wpb_wrapper\"><div class=\"vc_empty_space\"   style=\"height: 32px\"><span class=\"vc_empty_space_inner\"><\/span><\/div>\n\t<div  class=\"wpb_single_image wpb_content_element vc_align_left wpb_content_element\">\n\t\t\n\t\t<figure class=\"wpb_wrapper vc_figure\">\n\t\t\t<div class=\"vc_single_image-wrapper   vc_box_border_grey\"><img decoding=\"async\" width=\"300\" height=\"202\" data-src=\"https:\/\/semsector.com\/wp-content\/uploads\/2012\/12\/sem-sector-guarantee-online-marketing-300x202.jpg\" class=\"vc_single_image-img attachment-medium lazyload\" alt=\"sem sector guarantee online marketing\" title=\"sem-sector-guarantee-online-marketing\" data-srcset=\"https:\/\/semsector.com\/wp-content\/uploads\/2012\/12\/sem-sector-guarantee-online-marketing-300x202.jpg 300w, https:\/\/semsector.com\/wp-content\/uploads\/2012\/12\/sem-sector-guarantee-online-marketing-150x101.jpg 150w, https:\/\/semsector.com\/wp-content\/uploads\/2012\/12\/sem-sector-guarantee-online-marketing-768x518.jpg 768w, https:\/\/semsector.com\/wp-content\/uploads\/2012\/12\/sem-sector-guarantee-online-marketing.jpg 889w\" data-sizes=\"(max-width: 300px) 100vw, 300px\" src=\"data:image\/svg+xml;base64,PHN2ZyB3aWR0aD0iMSIgaGVpZ2h0PSIxIiB4bWxucz0iaHR0cDovL3d3dy53My5vcmcvMjAwMC9zdmciPjwvc3ZnPg==\" style=\"--smush-placeholder-width: 300px; --smush-placeholder-aspect-ratio: 300\/202;\" \/><\/div>\n\t\t<\/figure>\n\t<\/div>\n<div class=\"vc_empty_space\"   style=\"height: 32px\"><span class=\"vc_empty_space_inner\"><\/span><\/div><\/div><\/div><\/div><\/div><\/div><div class=\"vc_row wpb_row vc_row-fluid mkdf-section mkdf-content-aligment-left\" style=\"\"><div class=\"clearfix mkdf-full-section-inner\"><div class=\"wpb_column vc_column_container vc_col-sm-6\"><div class=\"vc_column-inner\"><div class=\"wpb_wrapper\"><div class=\"vc_empty_space\"   style=\"height: 32px\"><span class=\"vc_empty_space_inner\"><\/span><\/div>\n\t<div class=\"wpb_text_column wpb_content_element\" >\n\t\t<div class=\"wpb_wrapper\">\n\t\t\t<div class=\"mkdf-section-title-holder\">\n<h2 class=\"mkdf-section-title\">Google Adwords Advertising Packages<\/h2>\n<\/div>\n<div class=\"wpb_text_column wpb_content_element \">\n<div class=\"wpb_wrapper\">\n<p><img decoding=\"async\" class=\"alignnone size-full wp-image-2606 lazyload\" data-src=\"https:\/\/semsector.com\/wp-content\/uploads\/2013\/09\/google-adwords-icon.png\" alt=\"\" width=\"48\" height=\"48\" title=\"\" src=\"data:image\/svg+xml;base64,PHN2ZyB3aWR0aD0iMSIgaGVpZ2h0PSIxIiB4bWxucz0iaHR0cDovL3d3dy53My5vcmcvMjAwMC9zdmciPjwvc3ZnPg==\" style=\"--smush-placeholder-width: 48px; --smush-placeholder-aspect-ratio: 48\/48;\">\u00a0All businesses deserve the opportunity to get powered online. These example packages show you how cost effective it can be for your business to advertise online with the professional assistance of SemP online advertising agency with Google Certified Professionals in control of your investment. We deliver best online marketing solution based on performance based advertising strategies for your company.<\/p>\n<\/div>\n<\/div>\n\n\t\t<\/div>\n\t<\/div>\n<div class=\"vc_empty_space\"   style=\"height: 32px\"><span class=\"vc_empty_space_inner\"><\/span><\/div><\/div><\/div><\/div><div class=\"wpb_column vc_column_container vc_col-sm-6\"><div class=\"vc_column-inner\"><div class=\"wpb_wrapper\"><div class=\"vc_empty_space\"   style=\"height: 32px\"><span class=\"vc_empty_space_inner\"><\/span><\/div>\n\t<div class=\"wpb_text_column wpb_content_element\" >\n\t\t<div class=\"wpb_wrapper\">\n\t\t\t<ul>\n<li>Keywords Strategy<\/li>\n<li>Campaign Structure<\/li>\n<li>Copy Texts &amp; Advanced Extentions<\/li>\n<li>Media, Banner or Video Ads<\/li>\n<li>High CTR and Efficient Conversion<\/li>\n<li>Landing Page Analyze &amp; Usability\u00a0 and A\/B Tests<\/li>\n<li>OPtimization and Reporting<\/li>\n<li>Competitors and Sector Analysis<\/li>\n<\/ul>\n\n\t\t<\/div>\n\t<\/div>\n<div class=\"vc_empty_space\"   style=\"height: 32px\"><span class=\"vc_empty_space_inner\"><\/span><\/div><a href=\"https:\/\/semsector.com\/en\/online-marketing-packages\/google-adwords-packages\/\" target=\"_self\" style=\"font-size: 18px;font-weight: 100\" class=\"mkdf-btn mkdf-btn-medium mkdf-btn-solid mkdf-btn-custom-hover-color mkdf-btn-icon mkdf-btn-hover-outline\" data-hover-color=\"#000000\" >\n    <span class=\"mkdf-btn-text\">VIEW PACKAGES<\/span>\n\t\t\t<span class=\"mkdf-btn-icon-holder\">\n\t\t\t<span aria-hidden=\"true\" class=\"mkdf-icon-font-elegant arrow_left mkdf-btn-icon-elem\" ><\/span>\t\t<\/span>\n\t\n\t\t\t<span class=\"mkdf-btn-helper\" ><\/span>\n\t<\/a><div class=\"vc_empty_space\"   style=\"height: 32px\"><span class=\"vc_empty_space_inner\"><\/span><\/div><\/div><\/div><\/div><\/div><\/div><div class=\"vc_row wpb_row vc_row-fluid mkdf-section mkdf-content-aligment-left\" style=\"\"><div class=\"clearfix mkdf-full-section-inner\"><div class=\"wpb_column vc_column_container vc_col-sm-6\"><div class=\"vc_column-inner\"><div class=\"wpb_wrapper\"><div class=\"vc_empty_space\"   style=\"height: 32px\"><span class=\"vc_empty_space_inner\"><\/span><\/div>\n\t<div class=\"wpb_text_column wpb_content_element\" >\n\t\t<div class=\"wpb_wrapper\">\n\t\t\t<div class=\"mkdf-section-title-holder\">\n<h2 class=\"mkdf-section-title\">Facebook Advertising Packages<\/h2>\n<\/div>\n<div class=\"wpb_text_column wpb_content_element \">\n<div class=\"wpb_wrapper\">\n<p><img decoding=\"async\" class=\"alignnone size-full wp-image-727 lazyload\" data-src=\"https:\/\/semsector.com\/wp-content\/uploads\/2012\/11\/facebook.png\" alt=\"facebook reklam hizmeti\" width=\"48\" height=\"48\" title=\"\" src=\"data:image\/svg+xml;base64,PHN2ZyB3aWR0aD0iMSIgaGVpZ2h0PSIxIiB4bWxucz0iaHR0cDovL3d3dy53My5vcmcvMjAwMC9zdmciPjwvc3ZnPg==\" style=\"--smush-placeholder-width: 48px; --smush-placeholder-aspect-ratio: 48\/48;\">\u00a0All businesses deserve the opportunity to get powered online. These example packages show you how cost effective it can be for your business to advertise online with the professional assistance of SemP online advertising agency with Google Certified Professionals in control of your investment. We deliver best online marketing solution based on performance based advertising strategies for your company.<\/p>\n<\/div>\n<\/div>\n\n\t\t<\/div>\n\t<\/div>\n<div class=\"vc_empty_space\"   style=\"height: 32px\"><span class=\"vc_empty_space_inner\"><\/span><\/div><\/div><\/div><\/div><div class=\"wpb_column vc_column_container vc_col-sm-6\"><div class=\"vc_column-inner\"><div class=\"wpb_wrapper\"><div class=\"vc_empty_space\"   style=\"height: 32px\"><span class=\"vc_empty_space_inner\"><\/span><\/div>\n\t<div class=\"wpb_text_column wpb_content_element\" >\n\t\t<div class=\"wpb_wrapper\">\n\t\t\t<ul>\n<li>Campaign Strategy and Goals<\/li>\n<li>Integrated Online Marketing Consultation<\/li>\n<li>Executing Campaigns<\/li>\n<li>Adtexts, Media Opt.<\/li>\n<li>Ongoing Optimization<\/li>\n<li>Analysis and Reporting<\/li>\n<\/ul>\n\n\t\t<\/div>\n\t<\/div>\n<div class=\"vc_empty_space\"   style=\"height: 32px\"><span class=\"vc_empty_space_inner\"><\/span><\/div><a href=\"https:\/\/semsector.com\/en\/online-marketing-packages\/facebook-packages\/\" target=\"_self\" style=\"font-size: 18px;font-weight: 100\" class=\"mkdf-btn mkdf-btn-medium mkdf-btn-solid mkdf-btn-custom-hover-color mkdf-btn-icon mkdf-btn-hover-outline\" data-hover-color=\"#000000\" >\n    <span class=\"mkdf-btn-text\">VIEW PACKAGES<\/span>\n\t\t\t<span class=\"mkdf-btn-icon-holder\">\n\t\t\t<span aria-hidden=\"true\" class=\"mkdf-icon-font-elegant arrow_left mkdf-btn-icon-elem\" ><\/span>\t\t<\/span>\n\t\n\t\t\t<span class=\"mkdf-btn-helper\" ><\/span>\n\t<\/a><div class=\"vc_empty_space\"   style=\"height: 32px\"><span class=\"vc_empty_space_inner\"><\/span><\/div><\/div><\/div><\/div><\/div><\/div><div class=\"vc_row wpb_row vc_row-fluid mkdf-section mkdf-content-aligment-left\" style=\"\"><div class=\"clearfix mkdf-full-section-inner\"><div class=\"wpb_column vc_column_container vc_col-sm-6\"><div class=\"vc_column-inner\"><div class=\"wpb_wrapper\"><div class=\"vc_empty_space\"   style=\"height: 32px\"><span class=\"vc_empty_space_inner\"><\/span><\/div>\n\t<div class=\"wpb_text_column wpb_content_element\" >\n\t\t<div class=\"wpb_wrapper\">\n\t\t\t<div class=\"mkdf-section-title-holder\">\n<h2 class=\"mkdf-section-title\">SEO Packages<\/h2>\n<\/div>\n<div class=\"wpb_text_column wpb_content_element \">\n<div class=\"wpb_wrapper\">\n<p><img decoding=\"async\" class=\"alignnone size-full wp-image-1218 lazyload\" data-src=\"https:\/\/semsector.com\/wp-content\/uploads\/2012\/12\/arama-motoru-optimizasyon-iconu.png\" alt=\"arama motoru optimizasyon iconu\" width=\"48\" height=\"48\" title=\"\" src=\"data:image\/svg+xml;base64,PHN2ZyB3aWR0aD0iMSIgaGVpZ2h0PSIxIiB4bWxucz0iaHR0cDovL3d3dy53My5vcmcvMjAwMC9zdmciPjwvc3ZnPg==\" style=\"--smush-placeholder-width: 48px; --smush-placeholder-aspect-ratio: 48\/48;\">\u00a0SEO \u2013 search engine optimization is one of the powerful online marketing service to get visibility on search engines in the long term. Based on years of experiences with local \u2013 Turkish- and international SEO projects on Google, Bing and Yandex, we deliver dedicated and only white-hat search engine optimization solutions for your website and mobile products.<\/p>\n<\/div>\n<\/div>\n\n\t\t<\/div>\n\t<\/div>\n<div class=\"vc_empty_space\"   style=\"height: 32px\"><span class=\"vc_empty_space_inner\"><\/span><\/div><div class=\"mkdf-separator-holder clearfix  mkdf-separator-center\">\n\t<div class=\"mkdf-separator\" ><\/div>\n<\/div>\n<\/div><\/div><\/div><div class=\"wpb_column vc_column_container vc_col-sm-6\"><div class=\"vc_column-inner\"><div class=\"wpb_wrapper\"><div class=\"vc_empty_space\"   style=\"height: 32px\"><span class=\"vc_empty_space_inner\"><\/span><\/div>\n\t<div class=\"wpb_text_column wpb_content_element\" >\n\t\t<div class=\"wpb_wrapper\">\n\t\t\t<ul>\n<li>Website Analysis<\/li>\n<li>Keyword Strategy<\/li>\n<li>Content Management<\/li>\n<li>SEO Friendly On-Site Process<\/li>\n<li>Google, Bing and Yandex Optimizations<\/li>\n<li>WhiteHat Off-Site Process<\/li>\n<li>Inbound &amp; Outbound Link Building<\/li>\n<li>E-commerce SEO<\/li>\n<li>International SEO<\/li>\n<li>Reputation Management<\/li>\n<\/ul>\n\n\t\t<\/div>\n\t<\/div>\n<div class=\"vc_empty_space\"   style=\"height: 32px\"><span class=\"vc_empty_space_inner\"><\/span><\/div><a href=\"https:\/\/semsector.com\/en\/online-marketing-packages\/seo-packages\/\" target=\"_self\" style=\"font-size: 18px;font-weight: 100\" class=\"mkdf-btn mkdf-btn-medium mkdf-btn-solid mkdf-btn-custom-hover-color mkdf-btn-icon mkdf-btn-hover-outline\" data-hover-color=\"#000000\" >\n    <span class=\"mkdf-btn-text\">VIEW PACKAGES<\/span>\n\t\t\t<span class=\"mkdf-btn-icon-holder\">\n\t\t\t<span aria-hidden=\"true\" class=\"mkdf-icon-font-elegant arrow_left mkdf-btn-icon-elem\" ><\/span>\t\t<\/span>\n\t\n\t\t\t<span class=\"mkdf-btn-helper\" ><\/span>\n\t<\/a><div class=\"vc_empty_space\"   style=\"height: 32px\"><span class=\"vc_empty_space_inner\"><\/span><\/div><div class=\"mkdf-separator-holder clearfix  mkdf-separator-center\">\n\t<div class=\"mkdf-separator\" ><\/div>\n<\/div>\n<\/div><\/div><\/div><\/div><\/div><div class=\"vc_row wpb_row vc_row-fluid mkdf-section mkdf-content-aligment-left\" style=\"\"><div class=\"clearfix mkdf-full-section-inner\"><div class=\"wpb_column vc_column_container vc_col-sm-6\"><div class=\"vc_column-inner\"><div class=\"wpb_wrapper\"><div class=\"vc_empty_space\"   style=\"height: 32px\"><span class=\"vc_empty_space_inner\"><\/span><\/div>\n\t<div class=\"wpb_text_column wpb_content_element\" >\n\t\t<div class=\"wpb_wrapper\">\n\t\t\t<div class=\"mkdf-section-title-holder\">\n<h2 class=\"mkdf-section-title\">E-Commerce Advertising Packages<\/h2>\n<\/div>\n<div class=\"wpb_text_column wpb_content_element \">\n<div class=\"wpb_wrapper\">\n<p><img decoding=\"async\" class=\"alignnone size-full wp-image-2784 lazyload\" data-src=\"https:\/\/semsector.com\/wp-content\/uploads\/2012\/12\/eticaret-icon.png\" alt=\"eticaret-icon\" width=\"48\" height=\"48\" title=\"\" src=\"data:image\/svg+xml;base64,PHN2ZyB3aWR0aD0iMSIgaGVpZ2h0PSIxIiB4bWxucz0iaHR0cDovL3d3dy53My5vcmcvMjAwMC9zdmciPjwvc3ZnPg==\" style=\"--smush-placeholder-width: 48px; --smush-placeholder-aspect-ratio: 48\/48;\">\u00a0Are you selling online products or deliver services via your website, would you like to reach more customer, increase ROI and sales, or decided to expand your business into different markets such as Turkey or Poland, then you are at the right page on internet. Contact us right now and let\u2019s start to increase the success of your business!<\/p>\n<\/div>\n<\/div>\n\n\t\t<\/div>\n\t<\/div>\n<div class=\"vc_empty_space\"   style=\"height: 32px\"><span class=\"vc_empty_space_inner\"><\/span><\/div><\/div><\/div><\/div><div class=\"wpb_column vc_column_container vc_col-sm-6\"><div class=\"vc_column-inner\"><div class=\"wpb_wrapper\"><div class=\"vc_empty_space\"   style=\"height: 32px\"><span class=\"vc_empty_space_inner\"><\/span><\/div>\n\t<div class=\"wpb_text_column wpb_content_element\" >\n\t\t<div class=\"wpb_wrapper\">\n\t\t\t<ul>\n<li>Google Adwords, Yandex Direct, Facebook Ads, Bing Ads and Yahoo Gemini ads<\/li>\n<li>Efficient Keywords Strategy<\/li>\n<li>Campaign Execuation<\/li>\n<li>Online Ads<\/li>\n<li>Dedicated Solutions Based on Goals<\/li>\n<li>Ongoing Optimizations<\/li>\n<li>Free Consultation<\/li>\n<li>Analysis and Reporting<\/li>\n<\/ul>\n\n\t\t<\/div>\n\t<\/div>\n<div class=\"vc_empty_space\"   style=\"height: 32px\"><span class=\"vc_empty_space_inner\"><\/span><\/div><a href=\"https:\/\/semsector.com\/en\/online-marketing-packages\/e-commerce-marketing-packages\/\" target=\"_self\" style=\"font-size: 18px;font-weight: 100\" class=\"mkdf-btn mkdf-btn-medium mkdf-btn-solid mkdf-btn-custom-hover-color mkdf-btn-icon mkdf-btn-hover-outline\" data-hover-color=\"#000000\" >\n    <span class=\"mkdf-btn-text\">VIEW PACKAGES<\/span>\n\t\t\t<span class=\"mkdf-btn-icon-holder\">\n\t\t\t<span aria-hidden=\"true\" class=\"mkdf-icon-font-elegant arrow_left mkdf-btn-icon-elem\" ><\/span>\t\t<\/span>\n\t\n\t\t\t<span class=\"mkdf-btn-helper\" ><\/span>\n\t<\/a><div class=\"vc_empty_space\"   style=\"height: 32px\"><span class=\"vc_empty_space_inner\"><\/span><\/div><\/div><\/div><\/div><\/div><\/div><div class=\"vc_row wpb_row vc_row-fluid mkdf-section mkdf-content-aligment-left\" style=\"\"><div class=\"clearfix mkdf-full-section-inner\"><div class=\"wpb_column vc_column_container vc_col-sm-12\"><div class=\"vc_column-inner\"><div class=\"wpb_wrapper\"><\/div><\/div><\/div><\/div><\/div>\n<\/div>","protected":false},"excerpt":{"rendered":"<p>Sem Sector Online Reklam Paketlerinden Firman\u0131z, Siteniz ve B\u00fct\u00e7eniz \u0130\u00e7in En Uygun Olan\u0131 Hemen Se\u00e7in \u0130nternet Reklam Kampanyan\u0131z\u0131 Hemen Ba\u015flat\u0131n<\/p>","protected":false},"author":1,"featured_media":6447,"parent":0,"menu_order":0,"comment_status":"closed","ping_status":"closed","template":"","meta":{"footnotes":""},"class_list":["post-1295","page","type-page","status-publish","has-post-thumbnail","hentry"],"_links":{"self":[{"href":"https:\/\/semsector.com\/en\/wp-json\/wp\/v2\/pages\/1295","targetHints":{"allow":["GET"]}}],"collection":[{"href":"https:\/\/semsector.com\/en\/wp-json\/wp\/v2\/pages"}],"about":[{"href":"https:\/\/semsector.com\/en\/wp-json\/wp\/v2\/types\/page"}],"author":[{"embeddable":true,"href":"https:\/\/semsector.com\/en\/wp-json\/wp\/v2\/users\/1"}],"replies":[{"embeddable":true,"href":"https:\/\/semsector.com\/en\/wp-json\/wp\/v2\/comments?post=1295"}],"version-history":[{"count":0,"href":"https:\/\/semsector.com\/en\/wp-json\/wp\/v2\/pages\/1295\/revisions"}],"wp:featuredmedia":[{"embeddable":true,"href":"https:\/\/semsector.com\/en\/wp-json\/wp\/v2\/media\/6447"}],"wp:attachment":[{"href":"https:\/\/semsector.com\/en\/wp-json\/wp\/v2\/media?parent=1295"}],"curies":[{"name":"wp","href":"https:\/\/api.w.org\/{rel}","templated":true}]}}