{"id":1276,"date":"2012-12-22T23:28:29","date_gmt":"2012-12-22T21:28:29","guid":{"rendered":"http:\/\/semsector.com\/?page_id=1276"},"modified":"2024-09-21T00:35:26","modified_gmt":"2024-09-20T21:35:26","slug":"seo-paketleri","status":"publish","type":"page","link":"https:\/\/semsector.com\/en\/online-marketing-packages\/seo\/","title":{"rendered":"SEO Packages"},"content":{"rendered":"<div class=\"wpb-content-wrapper\"><div class=\"vc_row wpb_row vc_row-fluid mkdf-section mkdf-content-aligment-left\" style=\"\"><div class=\"clearfix mkdf-full-section-inner\"><div class=\"wpb_column vc_column_container vc_col-sm-12\"><div class=\"vc_column-inner\"><div class=\"wpb_wrapper\">\n\t<div  class=\"wpb_single_image wpb_content_element vc_align_center wpb_content_element\">\n\t\t\n\t\t<figure class=\"wpb_wrapper vc_figure\">\n\t\t\t<div class=\"vc_single_image-wrapper   vc_box_border_grey\"><img decoding=\"async\" width=\"920\" height=\"130\" data-src=\"https:\/\/semsector.com\/wp-content\/uploads\/2012\/12\/seo-banner.png\" class=\"vc_single_image-img attachment-full lazyload\" alt=\"seo paketleri\" title=\"seo-banner\" data-srcset=\"https:\/\/semsector.com\/wp-content\/uploads\/2012\/12\/seo-banner.png 920w, https:\/\/semsector.com\/wp-content\/uploads\/2012\/12\/seo-banner-150x21.png 150w, https:\/\/semsector.com\/wp-content\/uploads\/2012\/12\/seo-banner-300x42.png 300w\" data-sizes=\"(max-width: 920px) 100vw, 920px\" src=\"data:image\/svg+xml;base64,PHN2ZyB3aWR0aD0iMSIgaGVpZ2h0PSIxIiB4bWxucz0iaHR0cDovL3d3dy53My5vcmcvMjAwMC9zdmciPjwvc3ZnPg==\" style=\"--smush-placeholder-width: 920px; --smush-placeholder-aspect-ratio: 920\/130;\" \/><\/div>\n\t\t<\/figure>\n\t<\/div>\n\n\t<div class=\"wpb_text_column wpb_content_element wpb_animate_when_almost_visible wpb_fadeIn fadeIn\" >\n\t\t<div class=\"wpb_wrapper\">\n\t\t\t<h1 style=\"text-align: center;\"><strong>Increase Website Ranking and Visibility with SEO Packages<\/strong><\/h1>\n<table border=\"0\" align=\"center\">\n<tbody>\n<tr>\n<td><strong><img decoding=\"async\" data-src=\"http:\/\/semsector.com\/wp-content\/uploads\/2012\/12\/blue-star-icon.png\" alt=\"blue-star-icon\" width=\"24\" height=\"24\" title=\"\" src=\"data:image\/svg+xml;base64,PHN2ZyB3aWR0aD0iMSIgaGVpZ2h0PSIxIiB4bWxucz0iaHR0cDovL3d3dy53My5vcmcvMjAwMC9zdmciPjwvc3ZnPg==\" class=\"lazyload\" style=\"--smush-placeholder-width: 24px; --smush-placeholder-aspect-ratio: 24\/24;\"><\/strong><\/td>\n<td><strong>Choose and create your own SEO\u00a0package based your budget and marketing activities,\u00a0we provide tailored solutions in terms of transaction funnel, user data analysis, search monetizing, and advanced usability features that aim for improved results.<\/strong><\/td>\n<\/tr>\n<tr>\n<td><strong><img decoding=\"async\" data-src=\"http:\/\/semsector.com\/wp-content\/uploads\/2012\/12\/green-star-icon.png\" alt=\"green-star-icon\" width=\"24\" height=\"24\" title=\"\" src=\"data:image\/svg+xml;base64,PHN2ZyB3aWR0aD0iMSIgaGVpZ2h0PSIxIiB4bWxucz0iaHR0cDovL3d3dy53My5vcmcvMjAwMC9zdmciPjwvc3ZnPg==\" class=\"lazyload\" style=\"--smush-placeholder-width: 24px; --smush-placeholder-aspect-ratio: 24\/24;\"><\/strong><\/td>\n<td><strong>\u00a0Our seo team develops and executes on strategic plans for you\u00a0that will reach the right audience to generate sales and\/or qualified leads at a cost-effective rate.<\/strong><\/td>\n<\/tr>\n<tr>\n<td><strong><a href=\"http:\/\/semsector.com\/en\/online-reklam-paketleri\/google-adwords-paketleri\/attachment\/red-star-icon\/\" rel=\"attachment wp-att-1850\"><img decoding=\"async\" data-src=\"http:\/\/semsector.com\/wp-content\/uploads\/2012\/12\/red-star-icon.png\" alt=\"red-star-icon\" width=\"24\" height=\"24\" title=\"\" src=\"data:image\/svg+xml;base64,PHN2ZyB3aWR0aD0iMSIgaGVpZ2h0PSIxIiB4bWxucz0iaHR0cDovL3d3dy53My5vcmcvMjAwMC9zdmciPjwvc3ZnPg==\" class=\"lazyload\" style=\"--smush-placeholder-width: 24px; --smush-placeholder-aspect-ratio: 24\/24;\"><\/a><\/strong><\/td>\n<td><strong>Feel free to <span style=\"color: #ff0000;\">contact us<\/span> about our services and details for the packages.<\/strong><\/td>\n<\/tr>\n<\/tbody>\n<\/table>\n<p>&nbsp;<\/p>\n<div class=\"mkdf-section-title-holder\">\n<h2 class=\"mkdf-section-title mkdf-section-title-large\" style=\"text-align: center;\">SEARCH ENGINE OPTIMIZATION &#8211; SEO PACKAGES<\/h2>\n<\/div>\n<div class=\"mkdf-section-subtitle-holder\">\n<div class=\"wpb_text_column wpb_content_element\">\n<div class=\"wpb_wrapper\">\n<div class=\"mkdf-section-subtitle-holder\">\n<p class=\"mkdf-section-subtitle\" style=\"text-align: center;\">Select and Order one of the\u00a0<strong>SEO &#8211; Search Engine Optimization Packages<\/strong>\u00a0which suits your need best to drive boost to your business!<\/p>\n<\/div>\n<\/div>\n<\/div>\n<p>&nbsp;<\/p>\n<\/div>\n\n\t\t<\/div>\n\t<\/div>\n<\/div><\/div><\/div><\/div><\/div><div class=\"vc_row wpb_row vc_row-fluid mkdf-section mkdf-content-aligment-left\" style=\"\"><div class=\"clearfix mkdf-full-section-inner\"><div class=\"wpb_column vc_column_container vc_col-sm-12\"><div class=\"vc_column-inner\"><div class=\"wpb_wrapper\"><div class=\"vc_empty_space\"   style=\"height: 32px\"><span class=\"vc_empty_space_inner\"><\/span><\/div>\t<div class=\"mkdf-comparision-pricing-tables-holder mkdf-three-columns\">\n\t\t<div class=\"mkdf-cpt-features-holder mkdf-cpt-table\">\n\t\t\t\t\t\t\t<div class=\"mkdf-cpt-table-border-top\" style=\"background-color: #333745\"><\/div>\n\t\t\t\n\t\t\t<div class=\"mkdf-cpt-features-title mkdf-cpt-table-head-holder\">\n\t\t\t\t<div class=\"mkdf-cpt-table-head-holder-inner\">\n\t\t\t\t\t<h4>Find out the best <b>SEO Package<\/b> for you!<\/h4>\n\t\t\t\t<\/div>\n\t\t\t<\/div>\n\t\t\t<div class=\"mkdf-cpt-features-list-holder mkdf-cpt-table-content\">\n\t\t\t\t<ul class=\"mkdf-cpt-features-list\">\n\t\t\t\t\t\t\t\t\t\t\t<li class=\"mkdf-cpt-features-item\"><span>On-Site &amp; Off-Site SEO Management*<\/span><\/li>\n\t\t\t\t\t\t\t\t\t\t\t<li class=\"mkdf-cpt-features-item\"><span>Keywords Strategy<\/span><\/li>\n\t\t\t\t\t\t\t\t\t\t\t<li class=\"mkdf-cpt-features-item\"><span>Content Optimization<\/span><\/li>\n\t\t\t\t\t\t\t\t\t\t\t<li class=\"mkdf-cpt-features-item\"><span>Link Building &amp; Backlink Process<\/span><\/li>\n\t\t\t\t\t\t\t\t\t\t\t<li class=\"mkdf-cpt-features-item\"><span>Social Media Opt. **<\/span><\/li>\n\t\t\t\t\t\t\t\t\t\t\t<li class=\"mkdf-cpt-features-item\"><span>Social Media Management<\/span><\/li>\n\t\t\t\t\t\t\t\t\t\t\t<li class=\"mkdf-cpt-features-item\"><span>Website Reputation and Credibility Improvement<\/span><\/li>\n\t\t\t\t\t\t\t\t\t\t\t<li class=\"mkdf-cpt-features-item\"><span>FREE Facebook Ads<\/span><\/li>\n\t\t\t\t\t\t\t\t\t\t\t<li class=\"mkdf-cpt-features-item\"><span>FREE Adwords Ads<\/span><\/li>\n\t\t\t\t\t\t\t\t\t\t\t<li class=\"mkdf-cpt-features-item\"><span>Website Speed Control &amp; Report<\/span><\/li>\n\t\t\t\t\t\t\t\t\t\t\t<li class=\"mkdf-cpt-features-item\"><span>Mobile-Friendly Improvement Report<\/span><\/li>\n\t\t\t\t\t\t\t\t\t\t\t<li class=\"mkdf-cpt-features-item\"><span>Competitor &amp; Sector Analyses<\/span><\/li>\n\t\t\t\t\t\t\t\t\t\t\t<li class=\"mkdf-cpt-features-item\"><span>PR &amp; Online Reputation <\/span><\/li>\n\t\t\t\t\t\t\t\t\t\t\t<li class=\"mkdf-cpt-features-item\"><span>Usability &amp; Design Recommendations<\/span><\/li>\n\t\t\t\t\t\t\t\t\t\t\t<li class=\"mkdf-cpt-features-item\"><span>Detailed Google Analytics Reports<\/span><\/li>\n\t\t\t\t\t\t\t\t\t\t\t<li class=\"mkdf-cpt-features-item\"><span>Conversion Opt.<\/span><\/li>\n\t\t\t\t\t\t\t\t\t\t\t<li class=\"mkdf-cpt-features-item\"><span>Detailed SEO &amp; Ranking Reports<\/span><\/li>\n\t\t\t\t\t\t\t\t\t\t\t<li class=\"mkdf-cpt-features-item\"><span>Campaign Period<\/span><\/li>\n\t\t\t\t\t\t\t\t\t<\/ul>\n\t\t\t<\/div>\n\t\t<\/div>\n\t\t<div class=\"mkdf-comparision-table-holder mkdf-cpt-table\">\n\t<div class=\"mkdf-cpt-table-holder-inner\">\n\t\t\t\t\t<div class=\"mkdf-cpt-table-border-top\" style=\"background-color: #43cb83\"><\/div>\n\t\t\n\t\t<div class=\"mkdf-cpt-table-head-holder\">\n\t\t\t<div class=\"mkdf-cpt-table-head-holder-inner\">\n\t\t\t\t\t\t\t\t\t<h4 class=\"mkdf-cpt-table-title\">Bronz<\/h4>\n\t\t\t\t\n\t\t\t\t\t\t\t\t\t<div class=\"mkdf-cpt-table-price-holder\">\n\t\t\t\t\t\t\t\t\t\t\t\t\t<!--\n\t\t\t\t\t\t\n\t\t\t\t\t\t --><span class=\"mkdf-cpt-table-price\">100<\/span>\n\n\t\t\t\t\t\t\t\t\t\t\t<\/div>\n\t\t\t\t\t\t\t<\/div>\n\t\t<\/div>\n\n\t\t<div class=\"mkdf-cpt-table-content\">\n\t\t\t\n<ul>\n<li>\n    <span class=\"mkdf-icon-shortcode normal\"  data-color=\"#43cb83\">\n        \n        <i class=\"mkdf-icon-font-awesome fa fa-check mkdf-icon-element\" style=\"color: #43cb83;font-size:24px\" ><\/i>\n            <\/span>\n\n<\/li>\n<li>3<\/li>\n<li>1 &#8211; 3\u00a0Pages<\/li>\n<li>Min. 20 monthly<\/li>\n<li>\n    <span class=\"mkdf-icon-shortcode normal\"  data-color=\"#43cb83\">\n        \n        <i class=\"mkdf-icon-font-awesome fa fa-check mkdf-icon-element\" style=\"color: #43cb83;font-size:24px\" ><\/i>\n            <\/span>\n\n<\/li>\n<li>\n    <span class=\"mkdf-icon-shortcode normal\"  data-color=\"#8e8e8e\">\n        \n        <i class=\"mkdf-icon-font-awesome fa fa-close mkdf-icon-element\" style=\"color: #8e8e8e;font-size:24px\" ><\/i>\n            <\/span>\n\n<\/li>\n<li>\n    <span class=\"mkdf-icon-shortcode normal\"  data-color=\"#8e8e8e\">\n        \n        <i class=\"mkdf-icon-font-awesome fa fa-close mkdf-icon-element\" style=\"color: #8e8e8e;font-size:24px\" ><\/i>\n            <\/span>\n\n<\/li>\n<li>\n    <span class=\"mkdf-icon-shortcode normal\"  data-color=\"#8e8e8e\">\n        \n        <i class=\"mkdf-icon-font-awesome fa fa-close mkdf-icon-element\" style=\"color: #8e8e8e;font-size:24px\" ><\/i>\n            <\/span>\n\n<\/li>\n<li>\n    <span class=\"mkdf-icon-shortcode normal\"  data-color=\"#8e8e8e\">\n        \n        <i class=\"mkdf-icon-font-awesome fa fa-close mkdf-icon-element\" style=\"color: #8e8e8e;font-size:24px\" ><\/i>\n            <\/span>\n\n<\/li>\n<li>\n    <span class=\"mkdf-icon-shortcode normal\"  data-color=\"#8e8e8e\">\n        \n        <i class=\"mkdf-icon-font-awesome fa fa-close mkdf-icon-element\" style=\"color: #8e8e8e;font-size:24px\" ><\/i>\n            <\/span>\n\n<\/li>\n<li>\n    <span class=\"mkdf-icon-shortcode normal\"  data-color=\"#8e8e8e\">\n        \n        <i class=\"mkdf-icon-font-awesome fa fa-close mkdf-icon-element\" style=\"color: #8e8e8e;font-size:24px\" ><\/i>\n            <\/span>\n\n<\/li>\n<li>\n    <span class=\"mkdf-icon-shortcode normal\"  data-color=\"#8e8e8e\">\n        \n        <i class=\"mkdf-icon-font-awesome fa fa-close mkdf-icon-element\" style=\"color: #8e8e8e;font-size:24px\" ><\/i>\n            <\/span>\n\n<\/li>\n<li>\n    <span class=\"mkdf-icon-shortcode normal\"  data-color=\"#8e8e8e\">\n        \n        <i class=\"mkdf-icon-font-awesome fa fa-close mkdf-icon-element\" style=\"color: #8e8e8e;font-size:24px\" ><\/i>\n            <\/span>\n\n<\/li>\n<li>\n    <span class=\"mkdf-icon-shortcode normal\"  data-color=\"#8e8e8e\">\n        \n        <i class=\"mkdf-icon-font-awesome fa fa-close mkdf-icon-element\" style=\"color: #8e8e8e;font-size:24px\" ><\/i>\n            <\/span>\n\n<\/li>\n<li>\n    <span class=\"mkdf-icon-shortcode normal\"  data-color=\"#8e8e8e\">\n        \n        <i class=\"mkdf-icon-font-awesome fa fa-close mkdf-icon-element\" style=\"color: #8e8e8e;font-size:24px\" ><\/i>\n            <\/span>\n\n<\/li>\n<li>\n    <span class=\"mkdf-icon-shortcode normal\"  data-color=\"#8e8e8e\">\n        \n        <i class=\"mkdf-icon-font-awesome fa fa-close mkdf-icon-element\" style=\"color: #8e8e8e;font-size:24px\" ><\/i>\n            <\/span>\n\n<\/li>\n<li>E-mail weekly<\/li>\n<li>1 \u2013 3 Months<\/li>\n<\/ul>\n\t\t<\/div>\n\t\t\t\t<div class=\"mkdf-cpt-table-footer\">\n\t\t\t<div class=\"mkdf-cpt-table-btn\">\n\t\t\t\t<a  href=\"https:\/\/semsector.com\/en\/iletisim\/\">\n\t\t\t\t\t<span>Order<\/span>\n\t\t\t\t<\/a>\n\t\t\t<\/div>\n\t\t<\/div>\n\t\t\t<\/div>\n<\/div><div class=\"mkdf-comparision-table-holder mkdf-cpt-table\">\n\t<div class=\"mkdf-cpt-table-holder-inner\">\n\t\t\t\t\t<div class=\"mkdf-cpt-table-border-top\" style=\"background-color: #43cb83\"><\/div>\n\t\t\n\t\t<div class=\"mkdf-cpt-table-head-holder\">\n\t\t\t<div class=\"mkdf-cpt-table-head-holder-inner\">\n\t\t\t\t\t\t\t\t\t<h4 class=\"mkdf-cpt-table-title\">G\u00fcm\u00fc\u015f<\/h4>\n\t\t\t\t\n\t\t\t\t\t\t\t\t\t<div class=\"mkdf-cpt-table-price-holder\">\n\t\t\t\t\t\t\t\t\t\t\t\t\t<!--\n\t\t\t\t\t\t\n\t\t\t\t\t\t --><span class=\"mkdf-cpt-table-price\">100<\/span>\n\n\t\t\t\t\t\t\t\t\t\t\t<\/div>\n\t\t\t\t\t\t\t<\/div>\n\t\t<\/div>\n\n\t\t<div class=\"mkdf-cpt-table-content\">\n\t\t\t\n<ul>\n<li>\n    <span class=\"mkdf-icon-shortcode normal\"  data-color=\"#43cb83\">\n        \n        <i class=\"mkdf-icon-font-awesome fa fa-check mkdf-icon-element\" style=\"color: #43cb83;font-size:24px\" ><\/i>\n            <\/span>\n\n<\/li>\n<li>10<\/li>\n<li>1 &#8211; 10 Pages<\/li>\n<li>Min. 40 monthly<\/li>\n<li>\n    <span class=\"mkdf-icon-shortcode normal\"  data-color=\"#43cb83\">\n        \n        <i class=\"mkdf-icon-font-awesome fa fa-check mkdf-icon-element\" style=\"color: #43cb83;font-size:24px\" ><\/i>\n            <\/span>\n\n<\/li>\n<li>\n    <span class=\"mkdf-icon-shortcode normal\"  data-color=\"#43cb83\">\n        \n        <i class=\"mkdf-icon-font-awesome fa fa-check mkdf-icon-element\" style=\"color: #43cb83;font-size:24px\" ><\/i>\n            <\/span>\n\n<\/li>\n<li>\n    <span class=\"mkdf-icon-shortcode normal\"  data-color=\"#43cb83\">\n        \n        <i class=\"mkdf-icon-font-awesome fa fa-check mkdf-icon-element\" style=\"color: #43cb83;font-size:24px\" ><\/i>\n            <\/span>\n\n<\/li>\n<li>\n    <span class=\"mkdf-icon-shortcode normal\"  data-color=\"#43cb83\">\n        \n        <i class=\"mkdf-icon-font-awesome fa fa-check mkdf-icon-element\" style=\"color: #43cb83;font-size:24px\" ><\/i>\n            <\/span>\n\n<\/li>\n<li>\n    <span class=\"mkdf-icon-shortcode normal\"  data-color=\"#43cb83\">\n        \n        <i class=\"mkdf-icon-font-awesome fa fa-check mkdf-icon-element\" style=\"color: #43cb83;font-size:24px\" ><\/i>\n            <\/span>\n\n<\/li>\n<li>\n    <span class=\"mkdf-icon-shortcode normal\"  data-color=\"#43cb83\">\n        \n        <i class=\"mkdf-icon-font-awesome fa fa-check mkdf-icon-element\" style=\"color: #43cb83;font-size:24px\" ><\/i>\n            <\/span>\n\n<\/li>\n<li>\n    <span class=\"mkdf-icon-shortcode normal\"  data-color=\"#43cb83\">\n        \n        <i class=\"mkdf-icon-font-awesome fa fa-check mkdf-icon-element\" style=\"color: #43cb83;font-size:24px\" ><\/i>\n            <\/span>\n\n<\/li>\n<li>\n    <span class=\"mkdf-icon-shortcode normal\"  data-color=\"#8e8e8e\">\n        \n        <i class=\"mkdf-icon-font-awesome fa fa-close mkdf-icon-element\" style=\"color: #8e8e8e;font-size:24px\" ><\/i>\n            <\/span>\n\n<\/li>\n<li>\n    <span class=\"mkdf-icon-shortcode normal\"  data-color=\"#8e8e8e\">\n        \n        <i class=\"mkdf-icon-font-awesome fa fa-close mkdf-icon-element\" style=\"color: #8e8e8e;font-size:24px\" ><\/i>\n            <\/span>\n\n<\/li>\n<li>\n    <span class=\"mkdf-icon-shortcode normal\"  data-color=\"#8e8e8e\">\n        \n        <i class=\"mkdf-icon-font-awesome fa fa-close mkdf-icon-element\" style=\"color: #8e8e8e;font-size:24px\" ><\/i>\n            <\/span>\n\n<\/li>\n<li>\n    <span class=\"mkdf-icon-shortcode normal\"  data-color=\"#8e8e8e\">\n        \n        <i class=\"mkdf-icon-font-awesome fa fa-close mkdf-icon-element\" style=\"color: #8e8e8e;font-size:24px\" ><\/i>\n            <\/span>\n\n<\/li>\n<li>\n    <span class=\"mkdf-icon-shortcode normal\"  data-color=\"#8e8e8e\">\n        \n        <i class=\"mkdf-icon-font-awesome fa fa-close mkdf-icon-element\" style=\"color: #8e8e8e;font-size:24px\" ><\/i>\n            <\/span>\n\n<\/li>\n<li>E-mail weekly<\/li>\n<li>3 \u2013 6 Months<\/li>\n<\/ul>\n\t\t<\/div>\n\t\t\t\t<div class=\"mkdf-cpt-table-footer\">\n\t\t\t<div class=\"mkdf-cpt-table-btn\">\n\t\t\t\t<a style=\"background-color: #333745\" href=\"https:\/\/semsector.com\/en\/iletisim\/\">\n\t\t\t\t\t<span>Order<\/span>\n\t\t\t\t<\/a>\n\t\t\t<\/div>\n\t\t<\/div>\n\t\t\t<\/div>\n<\/div><div class=\"mkdf-comparision-table-holder mkdf-cpt-table\">\n\t<div class=\"mkdf-cpt-table-holder-inner\">\n\t\t\t\t\t<div class=\"mkdf-cpt-table-border-top\" style=\"background-color: #43cb83\"><\/div>\n\t\t\n\t\t<div class=\"mkdf-cpt-table-head-holder\">\n\t\t\t<div class=\"mkdf-cpt-table-head-holder-inner\">\n\t\t\t\t\t\t\t\t\t<h4 class=\"mkdf-cpt-table-title\">Alt\u0131n<\/h4>\n\t\t\t\t\n\t\t\t\t\t\t\t\t\t<div class=\"mkdf-cpt-table-price-holder\">\n\t\t\t\t\t\t\t\t\t\t\t\t\t<!--\n\t\t\t\t\t\t\n\t\t\t\t\t\t --><span class=\"mkdf-cpt-table-price\">100<\/span>\n\n\t\t\t\t\t\t\t\t\t\t\t<\/div>\n\t\t\t\t\t\t\t<\/div>\n\t\t<\/div>\n\n\t\t<div class=\"mkdf-cpt-table-content\">\n\t\t\t\n<ul>\n<li>\n    <span class=\"mkdf-icon-shortcode normal\"  data-color=\"#43cb83\">\n        \n        <i class=\"mkdf-icon-font-awesome fa fa-check mkdf-icon-element\" style=\"color: #43cb83;font-size:24px\" ><\/i>\n            <\/span>\n\n<\/li>\n<li>20<\/li>\n<li>Special<\/li>\n<li>Special<\/li>\n<li>\n    <span class=\"mkdf-icon-shortcode normal\"  data-color=\"#43cb83\">\n        \n        <i class=\"mkdf-icon-font-awesome fa fa-check mkdf-icon-element\" style=\"color: #43cb83;font-size:24px\" ><\/i>\n            <\/span>\n\n<\/li>\n<li>\n    <span class=\"mkdf-icon-shortcode normal\"  data-color=\"#43cb83\">\n        \n        <i class=\"mkdf-icon-font-awesome fa fa-check mkdf-icon-element\" style=\"color: #43cb83;font-size:24px\" ><\/i>\n            <\/span>\n\n<\/li>\n<li>\n    <span class=\"mkdf-icon-shortcode normal\"  data-color=\"#43cb83\">\n        \n        <i class=\"mkdf-icon-font-awesome fa fa-check mkdf-icon-element\" style=\"color: #43cb83;font-size:24px\" ><\/i>\n            <\/span>\n\n<\/li>\n<li>\n    <span class=\"mkdf-icon-shortcode normal\"  data-color=\"#43cb83\">\n        \n        <i class=\"mkdf-icon-font-awesome fa fa-check mkdf-icon-element\" style=\"color: #43cb83;font-size:24px\" ><\/i>\n            <\/span>\n\n<\/li>\n<li>\n    <span class=\"mkdf-icon-shortcode normal\"  data-color=\"#43cb83\">\n        \n        <i class=\"mkdf-icon-font-awesome fa fa-check mkdf-icon-element\" style=\"color: #43cb83;font-size:24px\" ><\/i>\n            <\/span>\n\n<\/li>\n<li>\n    <span class=\"mkdf-icon-shortcode normal\"  data-color=\"#43cb83\">\n        \n        <i class=\"mkdf-icon-font-awesome fa fa-check mkdf-icon-element\" style=\"color: #43cb83;font-size:24px\" ><\/i>\n            <\/span>\n\n<\/li>\n<li>\n    <span class=\"mkdf-icon-shortcode normal\"  data-color=\"#43cb83\">\n        \n        <i class=\"mkdf-icon-font-awesome fa fa-check mkdf-icon-element\" style=\"color: #43cb83;font-size:24px\" ><\/i>\n            <\/span>\n\n<\/li>\n<li>\n    <span class=\"mkdf-icon-shortcode normal\"  data-color=\"#43cb83\">\n        \n        <i class=\"mkdf-icon-font-awesome fa fa-check mkdf-icon-element\" style=\"color: #43cb83;font-size:24px\" ><\/i>\n            <\/span>\n\n<\/li>\n<li>\n    <span class=\"mkdf-icon-shortcode normal\"  data-color=\"#43cb83\">\n        \n        <i class=\"mkdf-icon-font-awesome fa fa-check mkdf-icon-element\" style=\"color: #43cb83;font-size:24px\" ><\/i>\n            <\/span>\n\n<\/li>\n<li>\n    <span class=\"mkdf-icon-shortcode normal\"  data-color=\"#43cb83\">\n        \n        <i class=\"mkdf-icon-font-awesome fa fa-check mkdf-icon-element\" style=\"color: #43cb83;font-size:24px\" ><\/i>\n            <\/span>\n\n<\/li>\n<li>\n    <span class=\"mkdf-icon-shortcode normal\"  data-color=\"#43cb83\">\n        \n        <i class=\"mkdf-icon-font-awesome fa fa-check mkdf-icon-element\" style=\"color: #43cb83;font-size:24px\" ><\/i>\n            <\/span>\n\n<\/li>\n<li>\n    <span class=\"mkdf-icon-shortcode normal\"  data-color=\"#43cb83\">\n        \n        <i class=\"mkdf-icon-font-awesome fa fa-check mkdf-icon-element\" style=\"color: #43cb83;font-size:24px\" ><\/i>\n            <\/span>\n\n<\/li>\n<li>Dedicated Consulting<\/li>\n<li>6 \u2013 12 Months<\/li>\n<\/ul>\n\t\t<\/div>\n\t\t\t\t<div class=\"mkdf-cpt-table-footer\">\n\t\t\t<div class=\"mkdf-cpt-table-btn\">\n\t\t\t\t<a  href=\"https:\/\/semsector.com\/en\/iletisim\/\">\n\t\t\t\t\t<span>Order<\/span>\n\t\t\t\t<\/a>\n\t\t\t<\/div>\n\t\t<\/div>\n\t\t\t<\/div>\n<\/div>\t<\/div>\n<div class=\"vc_empty_space\"   style=\"height: 32px\"><span class=\"vc_empty_space_inner\"><\/span><\/div>\n\t<div class=\"wpb_text_column wpb_content_element\" >\n\t\t<div class=\"wpb_wrapper\">\n\t\t\t<p>All of our SEO &#8211; Search Engine Optimization Packages include standart methods mentioned below. Therefore, the overall strategy and density of process might vary due to campaign time-period, website category or expected results.<\/p>\n<p><b>*On-Site SEO Process<\/b><\/p>\n<ul>\n<li>Keywords Analyses<\/li>\n<li>Content and Media<\/li>\n<li>Meta, Link and Tags<\/li>\n<li>SEO-Friendly URL<\/li>\n<li>Sitemap and Robots.txt<\/li>\n<li>Broken \/ Bad Link Control<\/li>\n<li>Copyright Control<\/li>\n<\/ul>\n<p><b>*Off-Site SEO Process<\/b><\/p>\n<ul>\n<li>Public Relations<\/li>\n<li>Promoted Contents<\/li>\n<li>Sectoral Promotion<\/li>\n<li>Blog Posts<\/li>\n<li>Forum Comments<\/li>\n<li>Google and Other Submissions<\/li>\n<li>Directories<\/li>\n<li>Social Media Posting<\/li>\n<li>Social Bookmarking<\/li>\n<li>Webmaster Tools<\/li>\n<li>Google My Business and Map Submissions<\/li>\n<\/ul>\n<p>** Includes Facebook, Twitter, Google+, Pinterest, Instagram and Youtube Profile &amp; Page adjustments<\/p>\n\n\t\t<\/div>\n\t<\/div>\n<\/div><\/div><\/div><\/div><\/div>\n<\/div>","protected":false},"excerpt":{"rendered":"<p>Size Uygun SEO Paketini Se\u00e7erek Arama Motorlar\u0131ndaki S\u0131ralaman\u0131z\u0131 Y\u00fckseltin Profesyonel SEO Dan\u0131\u015fmanl\u0131\u011f\u0131 \u0130le Firman\u0131z\u0131n Hedefine M\u00fc\u015fterilerinize Hemen Ula\u015f\u0131n<\/p>","protected":false},"author":1,"featured_media":1894,"parent":1295,"menu_order":0,"comment_status":"closed","ping_status":"closed","template":"","meta":{"footnotes":""},"class_list":["post-1276","page","type-page","status-publish","has-post-thumbnail","hentry"],"_links":{"self":[{"href":"https:\/\/semsector.com\/en\/wp-json\/wp\/v2\/pages\/1276","targetHints":{"allow":["GET"]}}],"collection":[{"href":"https:\/\/semsector.com\/en\/wp-json\/wp\/v2\/pages"}],"about":[{"href":"https:\/\/semsector.com\/en\/wp-json\/wp\/v2\/types\/page"}],"author":[{"embeddable":true,"href":"https:\/\/semsector.com\/en\/wp-json\/wp\/v2\/users\/1"}],"replies":[{"embeddable":true,"href":"https:\/\/semsector.com\/en\/wp-json\/wp\/v2\/comments?post=1276"}],"version-history":[{"count":0,"href":"https:\/\/semsector.com\/en\/wp-json\/wp\/v2\/pages\/1276\/revisions"}],"up":[{"embeddable":true,"href":"https:\/\/semsector.com\/en\/wp-json\/wp\/v2\/pages\/1295"}],"wp:featuredmedia":[{"embeddable":true,"href":"https:\/\/semsector.com\/en\/wp-json\/wp\/v2\/media\/1894"}],"wp:attachment":[{"href":"https:\/\/semsector.com\/en\/wp-json\/wp\/v2\/media?parent=1276"}],"curies":[{"name":"wp","href":"https:\/\/api.w.org\/{rel}","templated":true}]}}